{"id":4400,"date":"2021-10-12T15:51:09","date_gmt":"2021-10-12T15:51:09","guid":{"rendered":"http:\/\/dummy.xtemos.com\/woodmart2\/elementor\/?page_id=4400"},"modified":"2024-06-25T14:56:50","modified_gmt":"2024-06-25T14:56:50","slug":"boat-tours","status":"publish","type":"page","link":"https:\/\/diamondtours.pt\/es\/boat-tours\/","title":{"rendered":"Paseos en barco"},"content":{"rendered":"<div data-elementor-type=\"wp-page\" data-elementor-id=\"4400\" class=\"elementor elementor-4400\">\n\t\t\t\t<div class=\"elementor-element elementor-element-8481c26 e-flex e-con-boxed e-con e-parent\" data-id=\"8481c26\" data-element_type=\"container\">\n\t\t\t\t\t<div class=\"e-con-inner\">\n\t\t\t\t<div class=\"elementor-element elementor-element-d66a211 wd-width-100 elementor-widget elementor-widget-wd_title\" data-id=\"d66a211\" data-element_type=\"widget\" data-widget_type=\"wd_title.default\">\n\t\t\t\t<div class=\"elementor-widget-container\">\n\t\t\t\t\t\t\t<div class=\"title-wrapper set-mb-s reset-last-child wd-title-color-primary wd-title-style-default wd-title-size-large text-center\">\n\n\t\t\t\t\t\t\t<div class=\"title-subtitle subtitle-color-primary subtitle-style-default wd-fontsize-xs\">\n\t\t\t\t\tDiamond Tours\t\t\t\t<\/div>\n\t\t\t\n\t\t\t<div class=\"liner-continer\">\n\t\t\t\t<h4 class=\"woodmart-title-container title wd-fontsize-xxl\">De Portim\u00e3o a Praia da Marinha<\/h4> \n\t\t\t\t\t\t\t<\/div>\n\n\t\t\t\t\t<\/div>\n\t\t\t\t\t\t<\/div>\n\t\t\t\t<\/div>\n\t\t\t\t\t<\/div>\n\t\t\t\t<\/div>\n\t\t<div class=\"elementor-element elementor-element-7c7c544 e-flex e-con-boxed e-con e-parent\" data-id=\"7c7c544\" data-element_type=\"container\">\n\t\t\t\t\t<div class=\"e-con-inner\">\n\t\t<div class=\"elementor-element elementor-element-e7cb5cd e-con-full e-flex e-con e-child\" data-id=\"e7cb5cd\" data-element_type=\"container\">\n\t\t\t\t<div class=\"elementor-element elementor-element-56aec39 elementor-widget elementor-widget-wd_image_or_svg\" data-id=\"56aec39\" data-element_type=\"widget\" data-widget_type=\"wd_image_or_svg.default\">\n\t\t\t\t<div class=\"elementor-widget-container\">\n\t\t\t\t\t\n\t\t<div class=\"wd-image text-left\">\n\t\t\t\t\t\t\t\t<img fetchpriority=\"high\" decoding=\"async\" width=\"678\" height=\"717\" src=\"https:\/\/diamondtours.pt\/wp-content\/uploads\/2024\/06\/trips.jpg\" class=\"attachment-full size-full\" alt=\"\" srcset=\"https:\/\/diamondtours.pt\/wp-content\/uploads\/2024\/06\/trips.jpg 678w, https:\/\/diamondtours.pt\/wp-content\/uploads\/2024\/06\/trips-284x300.jpg 284w, https:\/\/diamondtours.pt\/wp-content\/uploads\/2024\/06\/trips-11x12.jpg 11w, https:\/\/diamondtours.pt\/wp-content\/uploads\/2024\/06\/trips-430x455.jpg 430w, https:\/\/diamondtours.pt\/wp-content\/uploads\/2024\/06\/trips-150x159.jpg 150w\" sizes=\"(max-width: 678px) 100vw, 678px\" \/>\t\t\t\t\t<\/div>\n\n\t\t\t\t\t\t<\/div>\n\t\t\t\t<\/div>\n\t\t\t\t<\/div>\n\t\t<div class=\"elementor-element elementor-element-97d6084 e-con-full e-flex e-con e-child\" data-id=\"97d6084\" data-element_type=\"container\">\n\t\t\t\t<div class=\"elementor-element elementor-element-98d830b elementor-widget__width-initial wd-width-100 elementor-widget elementor-widget-wd_title\" data-id=\"98d830b\" data-element_type=\"widget\" data-widget_type=\"wd_title.default\">\n\t\t\t\t<div class=\"elementor-widget-container\">\n\t\t\t\t\t\t\t<div class=\"title-wrapper set-mb-s reset-last-child wd-title-color-primary wd-title-style-default wd-title-size-large text-left\">\n\n\t\t\t\t\t\t\t<div class=\"title-subtitle subtitle-color-primary subtitle-style-default wd-fontsize-xs\">\n\t\t\t\t\tPortim\u00e3o | Carvoeiro | Benagil | Marinha<br \/>\n<br \/>\n\t\t\t\t<\/div>\n\t\t\t\n\t\t\t<div class=\"liner-continer\">\n\t\t\t\t<h4 class=\"woodmart-title-container title wd-fontsize-xxl\">Entremos en las cuevas<\/h4> \n\t\t\t\t\t\t\t<\/div>\n\n\t\t\t\t\t<\/div>\n\t\t\t\t\t\t<\/div>\n\t\t\t\t<\/div>\n\t\t\t\t<div class=\"elementor-element elementor-element-66e47ad elementor-widget elementor-widget-wd_text_block\" data-id=\"66e47ad\" data-element_type=\"widget\" data-widget_type=\"wd_text_block.default\">\n\t\t\t\t<div class=\"elementor-widget-container\">\n\t\t\t\t\t\t\t<div class=\"wd-text-block reset-last-child text-left\">\n\t\t\t\n\t\t\t<p>\u00a0Acomp\u00e1\u00f1enos por la magn\u00edfica costa del Algarve en un recorrido inolvidable, descubriendo las majestuosas grutas naturales, las playas desiertas y los pueblos pesqueros del Algarve.<\/p><p>Nuestros viajes comienzan con el embarque en el puerto de Portim\u00e3o, empezando con una visita a lo largo del encantador r\u00edo Arade y a lo largo de la costa hasta la playa de Marinha. El tipo tradicional de barco le llevar\u00e1 cerca de las cuevas m\u00e1s bellas.<\/p><p><strong><span class=\"the_underlined_one\">Las condiciones de seguridad relacionadas con el estado del mar y la meteorolog\u00eda se tendr\u00e1n siempre en cuenta a la hora de organizar los viajes y excursiones programados.<\/span><\/strong><\/p>\n\t\t\t\t\t<\/div>\n\t\t\t\t\t\t<\/div>\n\t\t\t\t<\/div>\n\t\t<div class=\"elementor-element elementor-element-3eef7d8 e-con-full e-flex e-con e-child\" data-id=\"3eef7d8\" data-element_type=\"container\">\n\t\t\t\t<div class=\"elementor-element elementor-element-95c8915 elementor-widget elementor-widget-wd_button\" data-id=\"95c8915\" data-element_type=\"widget\" data-widget_type=\"wd_button.default\">\n\t\t\t\t<div class=\"elementor-widget-container\">\n\t\t\t\t\t\t\t<div class=\"wd-button-wrapper text-center\" >\n\t\t\t<a class=\"btn btn-style-default btn-style-rectangle btn-size-default btn-color-primary btn-icon-pos-right\"  href=\"\/es\/categoria-producto\/passeios-de-barco\/\">\n\t\t\t\t<span class=\"wd-btn-text\" data-elementor-setting-key=\"text\">\n\t\t\t\t\tReservas\t\t\t\t<\/span>\n\n\t\t\t\t\t\t\t<\/a>\n\t\t<\/div>\n\t\t\t\t\t\t<\/div>\n\t\t\t\t<\/div>\n\t\t\t\t<\/div>\n\t\t\t\t<\/div>\n\t\t\t\t\t<\/div>\n\t\t\t\t<\/div>\n\t\t<div class=\"elementor-element elementor-element-6bf8c81 e-flex e-con-boxed e-con e-parent\" data-id=\"6bf8c81\" data-element_type=\"container\">\n\t\t\t\t\t<div class=\"e-con-inner\">\n\t\t\t\t<div class=\"elementor-element elementor-element-d127998 wd-width-100 elementor-widget elementor-widget-wd_title\" data-id=\"d127998\" data-element_type=\"widget\" data-widget_type=\"wd_title.default\">\n\t\t\t\t<div class=\"elementor-widget-container\">\n\t\t\t\t\t\t\t<div class=\"title-wrapper set-mb-s reset-last-child wd-title-color-primary wd-title-style-default wd-title-size-large text-center\">\n\n\t\t\t\t\t\t\t<div class=\"title-subtitle subtitle-color-primary subtitle-style-default wd-fontsize-xs\">\n\t\t\t\t\tDiamond Tours\t\t\t\t<\/div>\n\t\t\t\n\t\t\t<div class=\"liner-continer\">\n\t\t\t\t<h4 class=\"woodmart-title-container title wd-fontsize-xxl\">Descubra la magn\u00edfica costa del Algarve<\/h4> \n\t\t\t\t\t\t\t<\/div>\n\n\t\t\t\t\t<\/div>\n\t\t\t\t\t\t<\/div>\n\t\t\t\t<\/div>\n\t\t\t\t\t<\/div>\n\t\t\t\t<\/div>\n\t\t<div class=\"elementor-element elementor-element-21f884e e-grid e-con-boxed e-con e-parent\" data-id=\"21f884e\" data-element_type=\"container\">\n\t\t\t\t\t<div class=\"e-con-inner\">\n\t\t\t\t<div class=\"elementor-element elementor-element-121c51c elementor-widget elementor-widget-image\" data-id=\"121c51c\" data-element_type=\"widget\" data-widget_type=\"image.default\">\n\t\t\t\t<div class=\"elementor-widget-container\">\n\t\t\t\t\t\t\t\t\t\t\t\t\t\t\t<img decoding=\"async\" width=\"1300\" height=\"479\" src=\"https:\/\/diamondtours.pt\/wp-content\/uploads\/2024\/06\/map_new-1300x479.png\" class=\"attachment-large size-large wp-image-15937\" alt=\"\" srcset=\"https:\/\/diamondtours.pt\/wp-content\/uploads\/2024\/06\/map_new-1300x479.png 1300w, https:\/\/diamondtours.pt\/wp-content\/uploads\/2024\/06\/map_new-400x147.png 400w, https:\/\/diamondtours.pt\/wp-content\/uploads\/2024\/06\/map_new-768x283.png 768w, https:\/\/diamondtours.pt\/wp-content\/uploads\/2024\/06\/map_new-18x7.png 18w, https:\/\/diamondtours.pt\/wp-content\/uploads\/2024\/06\/map_new-430x158.png 430w, https:\/\/diamondtours.pt\/wp-content\/uploads\/2024\/06\/map_new-700x258.png 700w, https:\/\/diamondtours.pt\/wp-content\/uploads\/2024\/06\/map_new-150x55.png 150w, https:\/\/diamondtours.pt\/wp-content\/uploads\/2024\/06\/map_new.png 1441w\" sizes=\"(max-width: 1300px) 100vw, 1300px\" \/>\t\t\t\t\t\t\t\t\t\t\t\t\t\t\t<\/div>\n\t\t\t\t<\/div>\n\t\t\t\t\t<\/div>\n\t\t\t\t<\/div>\n\t\t<div class=\"elementor-element elementor-element-647cc3e6 wd-section-stretch e-flex e-con-boxed e-con e-parent\" data-id=\"647cc3e6\" data-element_type=\"container\" data-settings=\"{&quot;background_background&quot;:&quot;classic&quot;}\">\n\t\t\t\t\t<div class=\"e-con-inner\">\n\t\t\t\t<div class=\"elementor-element elementor-element-4b958e47 wd-width-100 elementor-widget elementor-widget-wd_title\" data-id=\"4b958e47\" data-element_type=\"widget\" data-widget_type=\"wd_title.default\">\n\t\t\t\t<div class=\"elementor-widget-container\">\n\t\t\t\t\t\t\t<div class=\"title-wrapper set-mb-s reset-last-child wd-title-color-primary wd-title-style-simple wd-title-size-custom text-center\">\n\n\t\t\t\n\t\t\t<div class=\"liner-continer\">\n\t\t\t\t<h4 class=\"woodmart-title-container title\">Hable con nosotros<\/h4> \n\t\t\t\t\t\t\t<\/div>\n\n\t\t\t\t\t\t\t<div class=\"title-after_title set-cont-mb-s reset-last-child\">\n\t\t\t\t\t<p>No dude en ponerse en contacto con nosotros si tiene alguna pregunta.<\/p>\t\t\t\t<\/div>\n\t\t\t\t\t<\/div>\n\t\t\t\t\t\t<\/div>\n\t\t\t\t<\/div>\n\t\t\t\t<div class=\"elementor-element elementor-element-5b369b9e elementor-widget elementor-widget-wd_button\" data-id=\"5b369b9e\" data-element_type=\"widget\" data-widget_type=\"wd_button.default\">\n\t\t\t\t<div class=\"elementor-widget-container\">\n\t\t\t\t\t\t\t<div class=\"wd-button-wrapper text-center\" >\n\t\t\t<a class=\"btn btn-style-default btn-style-rectangle btn-size-default btn-color-primary btn-icon-pos-right\"  href=\"\/es\/contactos\/\">\n\t\t\t\t<span class=\"wd-btn-text\" data-elementor-setting-key=\"text\">\n\t\t\t\t\tContactos\t\t\t\t<\/span>\n\n\t\t\t\t\t\t\t<\/a>\n\t\t<\/div>\n\t\t\t\t\t\t<\/div>\n\t\t\t\t<\/div>\n\t\t\t\t\t<\/div>\n\t\t\t\t<\/div>\n\t\t\t\t<\/div>","protected":false},"excerpt":{"rendered":"<p>Diamond Tours De Portim\u00e3o a Praia da Marinha Portim\u00e3o | Carvoeiro | Benagil | Marinha Vamos hacia el interior<\/p>","protected":false},"author":1,"featured_media":0,"parent":0,"menu_order":0,"comment_status":"closed","ping_status":"closed","template":"","meta":{"_themeisle_gutenberg_block_has_review":false,"footnotes":""},"class_list":["post-4400","page","type-page","status-publish","hentry"],"yoast_head":"<!-- This site is optimized with the Yoast SEO plugin v26.5 - https:\/\/yoast.com\/wordpress\/plugins\/seo\/ -->\n<title>Boat Tours - Diamond Tours<\/title>\n<meta name=\"description\" content=\"Vamos ao Interior das Grutas - Venha connosco ao longo da magnifica costa algarvia, numa inesquec\u00edvel visita, conhecendo majestosas grutas naturais, praias desertas e vilas piscat\u00f3rias do Algarve.\" \/>\n<meta name=\"robots\" content=\"index, follow, max-snippet:-1, max-image-preview:large, max-video-preview:-1\" \/>\n<link rel=\"canonical\" href=\"https:\/\/diamondtours.pt\/es\/boat-tours\/\" \/>\n<meta property=\"og:locale\" content=\"es_ES\" \/>\n<meta property=\"og:type\" content=\"article\" \/>\n<meta property=\"og:title\" content=\"Boat Tours - Diamond Tours\" \/>\n<meta property=\"og:description\" content=\"Vamos ao Interior das Grutas - Venha connosco ao longo da magnifica costa algarvia, numa inesquec\u00edvel visita, conhecendo majestosas grutas naturais, praias desertas e vilas piscat\u00f3rias do Algarve.\" \/>\n<meta property=\"og:url\" content=\"https:\/\/diamondtours.pt\/es\/boat-tours\/\" \/>\n<meta property=\"og:site_name\" content=\"Diamond Tours\" \/>\n<meta property=\"article:modified_time\" content=\"2024-06-25T14:56:50+00:00\" \/>\n<meta property=\"og:image\" content=\"https:\/\/diamondtours.pt\/wp-content\/uploads\/2024\/06\/trips.jpg\" \/>\n<meta name=\"twitter:card\" content=\"summary_large_image\" \/>\n<meta name=\"twitter:label1\" content=\"Tiempo de lectura\" \/>\n\t<meta name=\"twitter:data1\" content=\"2 minutos\" \/>\n<script type=\"application\/ld+json\" class=\"yoast-schema-graph\">{\"@context\":\"https:\/\/schema.org\",\"@graph\":[{\"@type\":\"WebPage\",\"@id\":\"https:\/\/diamondtours.pt\/boat-tours\/\",\"url\":\"https:\/\/diamondtours.pt\/boat-tours\/\",\"name\":\"Boat Tours - Diamond Tours\",\"isPartOf\":{\"@id\":\"https:\/\/diamondtours.pt\/#website\"},\"primaryImageOfPage\":{\"@id\":\"https:\/\/diamondtours.pt\/boat-tours\/#primaryimage\"},\"image\":{\"@id\":\"https:\/\/diamondtours.pt\/boat-tours\/#primaryimage\"},\"thumbnailUrl\":\"https:\/\/diamondtours.pt\/wp-content\/uploads\/2024\/06\/trips.jpg\",\"datePublished\":\"2021-10-12T15:51:09+00:00\",\"dateModified\":\"2024-06-25T14:56:50+00:00\",\"description\":\"Vamos ao Interior das Grutas - Venha connosco ao longo da magnifica costa algarvia, numa inesquec\u00edvel visita, conhecendo majestosas grutas naturais, praias desertas e vilas piscat\u00f3rias do Algarve.\",\"breadcrumb\":{\"@id\":\"https:\/\/diamondtours.pt\/boat-tours\/#breadcrumb\"},\"inLanguage\":\"es\",\"potentialAction\":[{\"@type\":\"ReadAction\",\"target\":[\"https:\/\/diamondtours.pt\/boat-tours\/\"]}]},{\"@type\":\"ImageObject\",\"inLanguage\":\"es\",\"@id\":\"https:\/\/diamondtours.pt\/boat-tours\/#primaryimage\",\"url\":\"https:\/\/diamondtours.pt\/wp-content\/uploads\/2024\/06\/trips.jpg\",\"contentUrl\":\"https:\/\/diamondtours.pt\/wp-content\/uploads\/2024\/06\/trips.jpg\"},{\"@type\":\"BreadcrumbList\",\"@id\":\"https:\/\/diamondtours.pt\/boat-tours\/#breadcrumb\",\"itemListElement\":[{\"@type\":\"ListItem\",\"position\":1,\"name\":\"In\u00edcio\",\"item\":\"https:\/\/diamondtours.pt\/\"},{\"@type\":\"ListItem\",\"position\":2,\"name\":\"Boat Tours\"}]},{\"@type\":\"WebSite\",\"@id\":\"https:\/\/diamondtours.pt\/#website\",\"url\":\"https:\/\/diamondtours.pt\/\",\"name\":\"Diamond Tours\",\"description\":\"\",\"publisher\":{\"@id\":\"https:\/\/diamondtours.pt\/#organization\"},\"potentialAction\":[{\"@type\":\"SearchAction\",\"target\":{\"@type\":\"EntryPoint\",\"urlTemplate\":\"https:\/\/diamondtours.pt\/?s={search_term_string}\"},\"query-input\":{\"@type\":\"PropertyValueSpecification\",\"valueRequired\":true,\"valueName\":\"search_term_string\"}}],\"inLanguage\":\"es\"},{\"@type\":\"Organization\",\"@id\":\"https:\/\/diamondtours.pt\/#organization\",\"name\":\"Diamond Tours\",\"url\":\"https:\/\/diamondtours.pt\/\",\"logo\":{\"@type\":\"ImageObject\",\"inLanguage\":\"es\",\"@id\":\"https:\/\/diamondtours.pt\/#\/schema\/logo\/image\/\",\"url\":\"https:\/\/diamondtours.pt\/wp-content\/uploads\/2024\/06\/logo_boat-removebg.png\",\"contentUrl\":\"https:\/\/diamondtours.pt\/wp-content\/uploads\/2024\/06\/logo_boat-removebg.png\",\"width\":261,\"height\":191,\"caption\":\"Diamond Tours\"},\"image\":{\"@id\":\"https:\/\/diamondtours.pt\/#\/schema\/logo\/image\/\"}}]}<\/script>\n<!-- \/ Yoast SEO plugin. -->","yoast_head_json":{"title":"Paseos en barco - Diamond Tours","description":"Adentr\u00e9monos en las grutas - Acomp\u00e1\u00f1enos por la magn\u00edfica costa del Algarve en un recorrido inolvidable, descubriendo las majestuosas grutas naturales, las playas desiertas y los pueblos de pescadores del Algarve.","robots":{"index":"index","follow":"follow","max-snippet":"max-snippet:-1","max-image-preview":"max-image-preview:large","max-video-preview":"max-video-preview:-1"},"canonical":"https:\/\/diamondtours.pt\/es\/boat-tours\/","og_locale":"es_ES","og_type":"article","og_title":"Boat Tours - Diamond Tours","og_description":"Vamos ao Interior das Grutas - Venha connosco ao longo da magnifica costa algarvia, numa inesquec\u00edvel visita, conhecendo majestosas grutas naturais, praias desertas e vilas piscat\u00f3rias do Algarve.","og_url":"https:\/\/diamondtours.pt\/es\/boat-tours\/","og_site_name":"Diamond Tours","article_modified_time":"2024-06-25T14:56:50+00:00","og_image":[{"url":"https:\/\/diamondtours.pt\/wp-content\/uploads\/2024\/06\/trips.jpg","type":"","width":"","height":""}],"twitter_card":"summary_large_image","twitter_misc":{"Tiempo de lectura":"2 minutos"},"schema":{"@context":"https:\/\/schema.org","@graph":[{"@type":"WebPage","@id":"https:\/\/diamondtours.pt\/boat-tours\/","url":"https:\/\/diamondtours.pt\/boat-tours\/","name":"Paseos en barco - Diamond Tours","isPartOf":{"@id":"https:\/\/diamondtours.pt\/#website"},"primaryImageOfPage":{"@id":"https:\/\/diamondtours.pt\/boat-tours\/#primaryimage"},"image":{"@id":"https:\/\/diamondtours.pt\/boat-tours\/#primaryimage"},"thumbnailUrl":"https:\/\/diamondtours.pt\/wp-content\/uploads\/2024\/06\/trips.jpg","datePublished":"2021-10-12T15:51:09+00:00","dateModified":"2024-06-25T14:56:50+00:00","description":"Adentr\u00e9monos en las grutas - Acomp\u00e1\u00f1enos por la magn\u00edfica costa del Algarve en un recorrido inolvidable, descubriendo las majestuosas grutas naturales, las playas desiertas y los pueblos de pescadores del Algarve.","breadcrumb":{"@id":"https:\/\/diamondtours.pt\/boat-tours\/#breadcrumb"},"inLanguage":"es","potentialAction":[{"@type":"ReadAction","target":["https:\/\/diamondtours.pt\/boat-tours\/"]}]},{"@type":"ImageObject","inLanguage":"es","@id":"https:\/\/diamondtours.pt\/boat-tours\/#primaryimage","url":"https:\/\/diamondtours.pt\/wp-content\/uploads\/2024\/06\/trips.jpg","contentUrl":"https:\/\/diamondtours.pt\/wp-content\/uploads\/2024\/06\/trips.jpg"},{"@type":"BreadcrumbList","@id":"https:\/\/diamondtours.pt\/boat-tours\/#breadcrumb","itemListElement":[{"@type":"ListItem","position":1,"name":"In\u00edcio","item":"https:\/\/diamondtours.pt\/"},{"@type":"ListItem","position":2,"name":"Boat Tours"}]},{"@type":"WebSite","@id":"https:\/\/diamondtours.pt\/#website","url":"https:\/\/diamondtours.pt\/","name":"Diamond Tours","description":"","publisher":{"@id":"https:\/\/diamondtours.pt\/#organization"},"potentialAction":[{"@type":"SearchAction","target":{"@type":"EntryPoint","urlTemplate":"https:\/\/diamondtours.pt\/?s={search_term_string}"},"query-input":{"@type":"PropertyValueSpecification","valueRequired":true,"valueName":"search_term_string"}}],"inLanguage":"es"},{"@type":"Organization","@id":"https:\/\/diamondtours.pt\/#organization","name":"Diamond Tours","url":"https:\/\/diamondtours.pt\/","logo":{"@type":"ImageObject","inLanguage":"es","@id":"https:\/\/diamondtours.pt\/#\/schema\/logo\/image\/","url":"https:\/\/diamondtours.pt\/wp-content\/uploads\/2024\/06\/logo_boat-removebg.png","contentUrl":"https:\/\/diamondtours.pt\/wp-content\/uploads\/2024\/06\/logo_boat-removebg.png","width":261,"height":191,"caption":"Diamond Tours"},"image":{"@id":"https:\/\/diamondtours.pt\/#\/schema\/logo\/image\/"}}]}},"_links":{"self":[{"href":"https:\/\/diamondtours.pt\/es\/wp-json\/wp\/v2\/pages\/4400","targetHints":{"allow":["GET"]}}],"collection":[{"href":"https:\/\/diamondtours.pt\/es\/wp-json\/wp\/v2\/pages"}],"about":[{"href":"https:\/\/diamondtours.pt\/es\/wp-json\/wp\/v2\/types\/page"}],"author":[{"embeddable":true,"href":"https:\/\/diamondtours.pt\/es\/wp-json\/wp\/v2\/users\/1"}],"replies":[{"embeddable":true,"href":"https:\/\/diamondtours.pt\/es\/wp-json\/wp\/v2\/comments?post=4400"}],"version-history":[{"count":28,"href":"https:\/\/diamondtours.pt\/es\/wp-json\/wp\/v2\/pages\/4400\/revisions"}],"predecessor-version":[{"id":16052,"href":"https:\/\/diamondtours.pt\/es\/wp-json\/wp\/v2\/pages\/4400\/revisions\/16052"}],"wp:attachment":[{"href":"https:\/\/diamondtours.pt\/es\/wp-json\/wp\/v2\/media?parent=4400"}],"curies":[{"name":"wp","href":"https:\/\/api.w.org\/{rel}","templated":true}]}}