{"id":16350,"date":"2025-05-02T10:14:17","date_gmt":"2025-05-02T09:14:17","guid":{"rendered":"https:\/\/stage.diamondtours.pt\/?page_id=16350"},"modified":"2025-05-02T10:34:50","modified_gmt":"2025-05-02T09:34:50","slug":"disclaimer","status":"publish","type":"page","link":"https:\/\/diamondtours.pt\/es\/disclaimer\/","title":{"rendered":"Descargo de responsabilidad"},"content":{"rendered":"<div data-elementor-type=\"wp-page\" data-elementor-id=\"16350\" class=\"elementor elementor-16350\">\n\t\t\t\t<div class=\"elementor-element elementor-element-49669124 e-flex e-con-boxed e-con e-parent\" data-id=\"49669124\" data-element_type=\"container\">\n\t\t\t\t\t<div class=\"e-con-inner\">\n\t\t\t\t<div class=\"elementor-element elementor-element-7dbef313 color-scheme-inherit text-left elementor-widget elementor-widget-text-editor\" data-id=\"7dbef313\" data-element_type=\"widget\" data-widget_type=\"text-editor.default\">\n\t\t\t\t<div class=\"elementor-widget-container\">\n\t\t\t\t\t\t\t\t\t<h3 data-start=\"0\" data-end=\"70\">Descargo de responsabilidad de Diamond Tours - Kayak &amp; Sup<\/h3><p>Descargo de responsabilidad<br data-start=\"106\" data-end=\"109\" \/>\u00daltima actualizaci\u00f3n: 09 septiembre 2020<\/p><h3>Interpretaci\u00f3n y definiciones<\/h3><p><strong>Interpretaci\u00f3n<\/strong><br data-start=\"42\" data-end=\"45\" \/>Las palabras cuya letra inicial aparece en may\u00fascula tienen significados definidos en las siguientes condiciones. Las definiciones que figuran a continuaci\u00f3n tendr\u00e1n el mismo significado independientemente de que aparezcan en singular o en plural.<br data-start=\"254\" data-end=\"257\" \/><strong>Definiciones<\/strong><br data-start=\"267\" data-end=\"270\" \/>A efectos del presente aviso de exenci\u00f3n de responsabilidad:<br data-start=\"326\" data-end=\"329\" \/>Empresa (referida como \"la Empresa\", \"Nosotros\", \"Nos\" o \"Nuestro\" en este Aviso) se refiere a Diamond Tours, Estrada do Farol, Apartamentos Cristino Ferreira, 9\u00aa - 1\u00ba esq, 8400-505 Carvoeiro.<br data-start=\"513\" data-end=\"516\" \/>\u25cf Servicio se refiere al Sitio web.<br data-start=\"547\" data-end=\"550\" \/>Usted es la persona f\u00edsica que accede al Servicio, o la empresa u otra entidad jur\u00eddica en cuyo nombre dicha persona f\u00edsica accede o utiliza el Servicio, seg\u00fan corresponda.<\/p><h3>Descargo de responsabilidad<\/h3><p>La informaci\u00f3n contenida en el Servicio tiene \u00fanicamente fines informativos generales.<br data-start=\"115\" data-end=\"118\" \/>La Empresa no asume responsabilidad alguna por errores u omisiones en el contenido del Servicio.<br data-start=\"212\" data-end=\"215\" \/>En ning\u00fan caso la Empresa ser\u00e1 responsable de ning\u00fan da\u00f1o especial, directo, indirecto, consecuente o incidental, o de cualquier da\u00f1o, ya sea en una acci\u00f3n de contrato, negligencia u otro agravio, que surja de o en conexi\u00f3n con el uso del Servicio o los contenidos del Servicio. La Empresa se reserva el derecho de a\u00f1adir, eliminar o modificar el contenido del Servicio en cualquier momento y sin previo aviso. Este Aviso Legal ha sido creado con la ayuda del Generador de Avisos.<br data-start=\"762\" data-end=\"765\" \/>La Empresa no garantiza que el Servicio est\u00e9 libre de virus u otros componentes da\u00f1inos.<\/p><h3>Descargo de responsabilidad sobre enlaces externos<\/h3><p>El Servicio puede contener enlaces a sitios web externos que no son proporcionados por la Empresa, ni mantenidos por ella, ni est\u00e1n afiliados de ning\u00fan modo a ella.<br \/>Tenga en cuenta que la Empresa no garantiza la exactitud, pertinencia, actualidad o exhaustividad de la informaci\u00f3n contenida en estos sitios web externos.<\/p><h3>Descargo de responsabilidad por errores y omisiones<\/h3><p>La informaci\u00f3n proporcionada por el Servicio s\u00f3lo sirve de orientaci\u00f3n general sobre asuntos de inter\u00e9s. Aunque la Empresa toma todas las precauciones necesarias para garantizar que el contenido del Servicio est\u00e9 actualizado y sea preciso, pueden producirse errores. Adem\u00e1s, dada la naturaleza siempre cambiante de las leyes, normas y reglamentos, puede haber retrasos, omisiones o inexactitudes en la informaci\u00f3n contenida en el Servicio.<br \/>La Empresa no se responsabiliza de los errores u omisiones, ni de los resultados obtenidos por el uso de esta informaci\u00f3n.<\/p><h3 data-start=\"0\" data-end=\"644\">Aviso de uso razonable<\/h3><p>La Empresa puede utilizar material protegido por derechos de autor que no siempre haya sido espec\u00edficamente autorizado por el titular de los mismos. La Empresa facilita dicho material con fines de cr\u00edtica, comentario, reportaje, ense\u00f1anza, estudio o investigaci\u00f3n.<br data-start=\"272\" data-end=\"275\" \/>La empresa considera que esto constituye un \"uso justo\" de cualquier material protegido por derechos de autor, seg\u00fan lo dispuesto en la secci\u00f3n 107 de la ley de derechos de autor de Estados Unidos.<br data-start=\"460\" data-end=\"463\" \/>Si desea utilizar material protegido por derechos de autor del Servicio para fines propios que vayan m\u00e1s all\u00e1 del uso leg\u00edtimo, deber\u00e1 obtener el permiso del titular de los derechos de autor.<\/p><h3 data-start=\"646\" data-end=\"1345\">Descargo de responsabilidad sobre opiniones expresadas<\/h3><p>Los comentarios publicados por los usuarios son de su exclusiva responsabilidad, y los propios usuarios asumir\u00e1n toda la responsabilidad, obligaci\u00f3n y culpa por cualquier difamaci\u00f3n o litigio que resulte de algo escrito en, o como resultado directo de algo escrito en, un comentario. La Empresa no se hace responsable de los comentarios publicados por los usuarios y se reserva el derecho a eliminar cualquier comentario por cualquier motivo.<\/p><h3>Descargo de responsabilidad<\/h3><p>La informaci\u00f3n contenida en el Servicio se facilita en el entendimiento de que la Empresa no se dedica en el presente documento a la prestaci\u00f3n de servicios jur\u00eddicos, contables, fiscales u otros servicios profesionales. Por lo tanto, esta informaci\u00f3n no debe utilizarse como sustituto de la consulta con contables, abogados, expertos fiscales u otros profesionales competentes.<br \/>En ning\u00fan caso la Empresa o sus proveedores ser\u00e1n responsables de ning\u00fan da\u00f1o especial, incidental, indirecto o consecuente que surja de o en conexi\u00f3n con su acceso a, uso de, o incapacidad de acceder o usar el Servicio.<\/p><h3>Aviso \"Util\u00edcelo bajo su propia responsabilidad<\/h3><p>Toda la informaci\u00f3n del Servicio se proporciona \"tal cual\", sin garant\u00eda de integridad, exactitud, actualidad o de los resultados obtenidos del uso de dicha informaci\u00f3n, y sin garant\u00eda de ning\u00fan tipo, ya sea expresa o impl\u00edcita, incluidas, entre otras, las garant\u00edas de rendimiento, comerciabilidad o idoneidad para un fin determinado.<br \/>La Empresa no ser\u00e1 responsable ante Usted ni ante ninguna otra persona por ninguna decisi\u00f3n tomada o acci\u00f3n emprendida sobre la base de la informaci\u00f3n proporcionada por el Servicio, ni por ning\u00fan da\u00f1o consecuente, especial o similar, incluso si se advirtiera de la posibilidad de tales da\u00f1os.<\/p><h3>P\u00f3ngase en contacto con nosotros<\/h3><p>Si tiene alguna pregunta sobre este descargo de responsabilidad, puede ponerse en contacto con nosotros:<br \/>Por correo electr\u00f3nico: <a href=\"mailto:geral@diamondtours.pt\">geral@diamondtours.pt<\/a><\/p>\t\t\t\t\t\t\t\t<\/div>\n\t\t\t\t<\/div>\n\t\t\t\t\t<\/div>\n\t\t\t\t<\/div>\n\t\t\t\t<\/div>","protected":false},"excerpt":{"rendered":"<p>Aviso de Isen\u00e7\u00e3o de Responsabilidade da Diamond Tours &#8211; Kayak &amp; Sup Aviso de Isen\u00e7\u00e3o de Responsabilidade\u00daltima atualiza\u00e7\u00e3o: 09 de<\/p>","protected":false},"author":1,"featured_media":0,"parent":0,"menu_order":0,"comment_status":"closed","ping_status":"closed","template":"","meta":{"_themeisle_gutenberg_block_has_review":false,"footnotes":""},"class_list":["post-16350","page","type-page","status-publish","hentry"],"yoast_head":"<!-- This site is optimized with the Yoast SEO plugin v26.5 - https:\/\/yoast.com\/wordpress\/plugins\/seo\/ -->\n<title>Disclaimer - Diamond Tours<\/title>\n<meta name=\"robots\" content=\"index, follow, max-snippet:-1, max-image-preview:large, max-video-preview:-1\" \/>\n<link rel=\"canonical\" href=\"https:\/\/diamondtours.pt\/es\/disclaimer\/\" \/>\n<meta property=\"og:locale\" content=\"es_ES\" \/>\n<meta property=\"og:type\" content=\"article\" \/>\n<meta property=\"og:title\" content=\"Disclaimer - Diamond Tours\" \/>\n<meta property=\"og:description\" content=\"Aviso de Isen\u00e7\u00e3o de Responsabilidade da Diamond Tours &#8211; Kayak &amp; Sup Aviso de Isen\u00e7\u00e3o de Responsabilidade\u00daltima atualiza\u00e7\u00e3o: 09 de\" \/>\n<meta property=\"og:url\" content=\"https:\/\/diamondtours.pt\/es\/disclaimer\/\" \/>\n<meta property=\"og:site_name\" content=\"Diamond Tours\" \/>\n<meta property=\"article:modified_time\" content=\"2025-05-02T09:34:50+00:00\" \/>\n<meta name=\"twitter:card\" content=\"summary_large_image\" \/>\n<meta name=\"twitter:label1\" content=\"Tiempo de lectura\" \/>\n\t<meta name=\"twitter:data1\" content=\"5 minutos\" \/>\n<script type=\"application\/ld+json\" class=\"yoast-schema-graph\">{\"@context\":\"https:\/\/schema.org\",\"@graph\":[{\"@type\":\"WebPage\",\"@id\":\"https:\/\/diamondtours.pt\/disclaimer\/\",\"url\":\"https:\/\/diamondtours.pt\/disclaimer\/\",\"name\":\"Disclaimer - Diamond Tours\",\"isPartOf\":{\"@id\":\"https:\/\/diamondtours.pt\/#website\"},\"datePublished\":\"2025-05-02T09:14:17+00:00\",\"dateModified\":\"2025-05-02T09:34:50+00:00\",\"breadcrumb\":{\"@id\":\"https:\/\/diamondtours.pt\/disclaimer\/#breadcrumb\"},\"inLanguage\":\"es\",\"potentialAction\":[{\"@type\":\"ReadAction\",\"target\":[\"https:\/\/diamondtours.pt\/disclaimer\/\"]}]},{\"@type\":\"BreadcrumbList\",\"@id\":\"https:\/\/diamondtours.pt\/disclaimer\/#breadcrumb\",\"itemListElement\":[{\"@type\":\"ListItem\",\"position\":1,\"name\":\"In\u00edcio\",\"item\":\"https:\/\/diamondtours.pt\/\"},{\"@type\":\"ListItem\",\"position\":2,\"name\":\"Disclaimer\"}]},{\"@type\":\"WebSite\",\"@id\":\"https:\/\/diamondtours.pt\/#website\",\"url\":\"https:\/\/diamondtours.pt\/\",\"name\":\"Diamond Tours\",\"description\":\"\",\"publisher\":{\"@id\":\"https:\/\/diamondtours.pt\/#organization\"},\"potentialAction\":[{\"@type\":\"SearchAction\",\"target\":{\"@type\":\"EntryPoint\",\"urlTemplate\":\"https:\/\/diamondtours.pt\/?s={search_term_string}\"},\"query-input\":{\"@type\":\"PropertyValueSpecification\",\"valueRequired\":true,\"valueName\":\"search_term_string\"}}],\"inLanguage\":\"es\"},{\"@type\":\"Organization\",\"@id\":\"https:\/\/diamondtours.pt\/#organization\",\"name\":\"Diamond Tours\",\"url\":\"https:\/\/diamondtours.pt\/\",\"logo\":{\"@type\":\"ImageObject\",\"inLanguage\":\"es\",\"@id\":\"https:\/\/diamondtours.pt\/#\/schema\/logo\/image\/\",\"url\":\"https:\/\/diamondtours.pt\/wp-content\/uploads\/2024\/06\/logo_boat-removebg.png\",\"contentUrl\":\"https:\/\/diamondtours.pt\/wp-content\/uploads\/2024\/06\/logo_boat-removebg.png\",\"width\":261,\"height\":191,\"caption\":\"Diamond Tours\"},\"image\":{\"@id\":\"https:\/\/diamondtours.pt\/#\/schema\/logo\/image\/\"}}]}<\/script>\n<!-- \/ Yoast SEO plugin. -->","yoast_head_json":{"title":"Disclaimer - Diamond Tours","robots":{"index":"index","follow":"follow","max-snippet":"max-snippet:-1","max-image-preview":"max-image-preview:large","max-video-preview":"max-video-preview:-1"},"canonical":"https:\/\/diamondtours.pt\/es\/disclaimer\/","og_locale":"es_ES","og_type":"article","og_title":"Disclaimer - Diamond Tours","og_description":"Aviso de Isen\u00e7\u00e3o de Responsabilidade da Diamond Tours &#8211; Kayak &amp; Sup Aviso de Isen\u00e7\u00e3o de Responsabilidade\u00daltima atualiza\u00e7\u00e3o: 09 de","og_url":"https:\/\/diamondtours.pt\/es\/disclaimer\/","og_site_name":"Diamond Tours","article_modified_time":"2025-05-02T09:34:50+00:00","twitter_card":"summary_large_image","twitter_misc":{"Tiempo de lectura":"5 minutos"},"schema":{"@context":"https:\/\/schema.org","@graph":[{"@type":"WebPage","@id":"https:\/\/diamondtours.pt\/disclaimer\/","url":"https:\/\/diamondtours.pt\/disclaimer\/","name":"Disclaimer - Diamond Tours","isPartOf":{"@id":"https:\/\/diamondtours.pt\/#website"},"datePublished":"2025-05-02T09:14:17+00:00","dateModified":"2025-05-02T09:34:50+00:00","breadcrumb":{"@id":"https:\/\/diamondtours.pt\/disclaimer\/#breadcrumb"},"inLanguage":"es","potentialAction":[{"@type":"ReadAction","target":["https:\/\/diamondtours.pt\/disclaimer\/"]}]},{"@type":"BreadcrumbList","@id":"https:\/\/diamondtours.pt\/disclaimer\/#breadcrumb","itemListElement":[{"@type":"ListItem","position":1,"name":"In\u00edcio","item":"https:\/\/diamondtours.pt\/"},{"@type":"ListItem","position":2,"name":"Disclaimer"}]},{"@type":"WebSite","@id":"https:\/\/diamondtours.pt\/#website","url":"https:\/\/diamondtours.pt\/","name":"Diamond Tours","description":"","publisher":{"@id":"https:\/\/diamondtours.pt\/#organization"},"potentialAction":[{"@type":"SearchAction","target":{"@type":"EntryPoint","urlTemplate":"https:\/\/diamondtours.pt\/?s={search_term_string}"},"query-input":{"@type":"PropertyValueSpecification","valueRequired":true,"valueName":"search_term_string"}}],"inLanguage":"es"},{"@type":"Organization","@id":"https:\/\/diamondtours.pt\/#organization","name":"Diamond Tours","url":"https:\/\/diamondtours.pt\/","logo":{"@type":"ImageObject","inLanguage":"es","@id":"https:\/\/diamondtours.pt\/#\/schema\/logo\/image\/","url":"https:\/\/diamondtours.pt\/wp-content\/uploads\/2024\/06\/logo_boat-removebg.png","contentUrl":"https:\/\/diamondtours.pt\/wp-content\/uploads\/2024\/06\/logo_boat-removebg.png","width":261,"height":191,"caption":"Diamond Tours"},"image":{"@id":"https:\/\/diamondtours.pt\/#\/schema\/logo\/image\/"}}]}},"_links":{"self":[{"href":"https:\/\/diamondtours.pt\/es\/wp-json\/wp\/v2\/pages\/16350","targetHints":{"allow":["GET"]}}],"collection":[{"href":"https:\/\/diamondtours.pt\/es\/wp-json\/wp\/v2\/pages"}],"about":[{"href":"https:\/\/diamondtours.pt\/es\/wp-json\/wp\/v2\/types\/page"}],"author":[{"embeddable":true,"href":"https:\/\/diamondtours.pt\/es\/wp-json\/wp\/v2\/users\/1"}],"replies":[{"embeddable":true,"href":"https:\/\/diamondtours.pt\/es\/wp-json\/wp\/v2\/comments?post=16350"}],"version-history":[{"count":8,"href":"https:\/\/diamondtours.pt\/es\/wp-json\/wp\/v2\/pages\/16350\/revisions"}],"predecessor-version":[{"id":16359,"href":"https:\/\/diamondtours.pt\/es\/wp-json\/wp\/v2\/pages\/16350\/revisions\/16359"}],"wp:attachment":[{"href":"https:\/\/diamondtours.pt\/es\/wp-json\/wp\/v2\/media?parent=16350"}],"curies":[{"name":"wp","href":"https:\/\/api.w.org\/{rel}","templated":true}]}}