{"id":16340,"date":"2025-05-02T10:01:12","date_gmt":"2025-05-02T09:01:12","guid":{"rendered":"https:\/\/stage.diamondtours.pt\/?page_id=16340"},"modified":"2025-05-02T10:10:49","modified_gmt":"2025-05-02T09:10:49","slug":"politica-de-cookies","status":"publish","type":"page","link":"https:\/\/diamondtours.pt\/es\/politica-de-cookies\/","title":{"rendered":"Pol\u00edtica de cookies"},"content":{"rendered":"<div data-elementor-type=\"wp-page\" data-elementor-id=\"16340\" class=\"elementor elementor-16340\">\n\t\t\t\t<div class=\"elementor-element elementor-element-326b3b5e e-flex e-con-boxed e-con e-parent\" data-id=\"326b3b5e\" data-element_type=\"container\">\n\t\t\t\t\t<div class=\"e-con-inner\">\n\t\t\t\t<div class=\"elementor-element elementor-element-5644ac74 color-scheme-inherit text-left elementor-widget elementor-widget-text-editor\" data-id=\"5644ac74\" data-element_type=\"widget\" data-widget_type=\"text-editor.default\">\n\t\t\t\t<div class=\"elementor-widget-container\">\n\t\t\t\t\t\t\t\t\t<h3 data-start=\"76\" data-end=\"179\"><strong data-start=\"76\" data-end=\"130\">Diamond Tours - Kayak &amp; Sup Pol\u00edtica de Cookies<\/strong><br data-start=\"130\" data-end=\"133\" \/><strong data-start=\"133\" data-end=\"179\">\u00daltima actualizaci\u00f3n: 09 septiembre 2020<\/strong><\/h3><p class=\"\" data-start=\"181\" data-end=\"500\">Esta Pol\u00edtica de Cookies explica qu\u00e9 son las Cookies y c\u00f3mo las utilizamos. Debe leer esta pol\u00edtica para entender qu\u00e9 tipo de cookies utilizamos, qu\u00e9 informaci\u00f3n recopilamos a trav\u00e9s de ellas y c\u00f3mo se utiliza esa informaci\u00f3n. Esta Pol\u00edtica de Cookies ha sido creada con la ayuda del Generador de Pol\u00edtica de Cookies.<\/p><p class=\"\" data-start=\"502\" data-end=\"864\">Las Cookies normalmente no contienen informaci\u00f3n que identifique personalmente a un usuario, pero la informaci\u00f3n personal que almacenamos sobre Usted puede estar vinculada a la informaci\u00f3n almacenada y obtenida a trav\u00e9s de las Cookies. Para m\u00e1s informaci\u00f3n sobre c\u00f3mo utilizamos, almacenamos y mantenemos seguros sus datos personales, consulte nuestra Pol\u00edtica de privacidad.<\/p><p class=\"\" data-start=\"866\" data-end=\"989\">No almacenamos informaci\u00f3n personal sensible como direcciones postales, contrase\u00f1as de cuentas, etc. en las cookies que utilizamos.<\/p><h3 data-start=\"105\" data-end=\"135\"><strong data-start=\"105\" data-end=\"135\">Interpretaci\u00f3n y definiciones<\/strong><\/h3><p class=\"\" data-start=\"137\" data-end=\"369\"><strong data-start=\"137\" data-end=\"154\">Interpretaci\u00f3n<\/strong><br data-start=\"154\" data-end=\"157\" \/>Las palabras cuyas letras iniciales aparecen en may\u00fascula tienen significados definidos en las siguientes condiciones. Las siguientes definiciones tendr\u00e1n el mismo significado independientemente de que aparezcan en singular o en plural.<\/p><p class=\"\" data-start=\"371\" data-end=\"433\"><strong data-start=\"371\" data-end=\"385\">Definiciones<\/strong><br data-start=\"385\" data-end=\"388\" \/>A los efectos de la presente Pol\u00edtica de Cookies:<\/p><p class=\"\" data-start=\"435\" data-end=\"1172\">\u25cf <strong data-start=\"437\" data-end=\"448\">Empresa<\/strong> (referido como \"la Empresa\", \"Nosotros\", \"Nos\" o \"Nuestro\" en esta Pol\u00edtica de Cookies) se refiere a Diamond Tours, Estrada do Farol, Apartamentos Cristino Ferreira, 9\u00aa - 1\u00ba esq, 8400-505 Carvoeiro.<br data-start=\"637\" data-end=\"640\" \/>\u25cf <strong data-start=\"642\" data-end=\"653\">Cookies<\/strong> son peque\u00f1os archivos colocados en su ordenador, dispositivo m\u00f3vil o cualquier otro dispositivo por un sitio web, que contienen detalles de su historial de navegaci\u00f3n en ese sitio web, entre otros fines.<br data-start=\"851\" data-end=\"854\" \/>\u25cf <strong data-start=\"856\" data-end=\"867\">P\u00e1gina web<\/strong> remite a Diamond Tours - Kayak &amp; Sup, accesible en <a class=\"\" href=\"https:\/\/kayakbenagil.com\" target=\"_new\" rel=\"noopener\" data-start=\"922\" data-end=\"974\">https:\/\/kayakbenagil.com<\/a>.<br data-start=\"975\" data-end=\"978\" \/>\u25cf <strong data-start=\"980\" data-end=\"988\">Usted<\/strong> se refiere a la persona f\u00edsica que accede o utiliza el Sitio Web, o a una empresa u otra entidad jur\u00eddica en cuyo nombre dicha persona f\u00edsica accede o utiliza el Sitio Web, seg\u00fan proceda.<\/p><h3 data-start=\"67\" data-end=\"86\"><strong data-start=\"67\" data-end=\"86\">Uso de cookies<\/strong><\/h3><p class=\"\" data-start=\"88\" data-end=\"369\"><strong data-start=\"88\" data-end=\"122\">Tipo de cookies que utilizamos<\/strong><br data-start=\"122\" data-end=\"125\" \/>Las cookies pueden ser \"persistentes\" o \"de sesi\u00f3n\". Las cookies persistentes permanecen en su ordenador personal o dispositivo m\u00f3vil cuando se desconecta, mientras que las cookies de sesi\u00f3n se eliminan en cuanto cierra el navegador web.<\/p><p class=\"\" data-start=\"371\" data-end=\"471\">Utilizamos tanto cookies de sesi\u00f3n como cookies persistentes para los fines que se describen a continuaci\u00f3n:<\/p><p class=\"\" data-start=\"473\" data-end=\"951\">\u25cf <strong data-start=\"475\" data-end=\"511\">Cookies necesarias \/ esenciales<\/strong><br data-start=\"511\" data-end=\"514\" \/>Tipo: Cookies de sesi\u00f3n<br data-start=\"537\" data-end=\"540\" \/>Gestionado por: Us<br data-start=\"562\" data-end=\"565\" \/>Finalidad: Estas Cookies son esenciales para proporcionar los servicios disponibles a trav\u00e9s del Sitio Web y para permitirle utilizar algunas de sus funcionalidades. Ayudan a autenticar a los usuarios y a evitar el uso fraudulento de las cuentas de usuario. Sin estas Cookies, los servicios que Usted ha solicitado no pueden ser proporcionados, y s\u00f3lo utilizamos estas Cookies para proporcionar estos servicios.<\/p><p class=\"\" data-start=\"953\" data-end=\"1363\">\u25cf <strong data-start=\"955\" data-end=\"984\">Cookies de funcionalidad<\/strong><br data-start=\"984\" data-end=\"987\" \/>Tipo: Cookies persistentes<br data-start=\"1013\" data-end=\"1016\" \/>Gestionado por: Us<br data-start=\"1038\" data-end=\"1041\" \/>Finalidad: Estas Cookies nos permiten recordar las elecciones que Usted realiza al utilizar el Sitio Web, como recordar sus datos de inicio de sesi\u00f3n o sus preferencias de idioma. La finalidad de estas Cookies es proporcionarle una experiencia m\u00e1s personalizada y evitar que tenga que volver a introducir sus preferencias cada vez que utilice el Sitio Web.<\/p><h3 data-start=\"75\" data-end=\"112\"><strong data-start=\"75\" data-end=\"112\">Su elecci\u00f3n de cookies<\/strong><\/h3><p class=\"\" data-start=\"114\" data-end=\"387\">Si prefiere impedir el uso de Cookies en el Sitio Web, primero debe desactivar el uso de Cookies en su navegador y, a continuaci\u00f3n, eliminar las Cookies guardadas en su navegador asociadas a este sitio web. Puede utilizar esta opci\u00f3n para impedir el uso de Cookies en cualquier momento.<\/p><p class=\"\" data-start=\"389\" data-end=\"544\">Si no acepta nuestras Cookies, es posible que experimente algunos inconvenientes al utilizar el Sitio Web y que algunas funcionalidades no funcionen correctamente.<\/p><p class=\"\" data-start=\"546\" data-end=\"698\">Si desea eliminar las cookies o indicar a su navegador que las elimine o rechace, visite las p\u00e1ginas de ayuda de su navegador.<\/p><p class=\"\" data-start=\"700\" data-end=\"1508\">Para el navegador Chrome, visite esta p\u00e1gina de Google: <a class=\"\" href=\"https:\/\/support.google.com\/accounts\/answer\/32050\" target=\"_new\" rel=\"noopener\" data-start=\"768\" data-end=\"868\">https:\/\/support.google.com\/accounts\/answer\/32050<\/a><br data-start=\"868\" data-end=\"871\" \/>Para el navegador Internet Explorer, visite esta p\u00e1gina de Microsoft: <a class=\"\" href=\"http:\/\/support.microsoft.com\/kb\/278835\" target=\"_new\" rel=\"noopener\" data-start=\"953\" data-end=\"1033\">http:\/\/support.microsoft.com\/kb\/278835<\/a><br data-start=\"1033\" data-end=\"1036\" \/>Para el navegador Firefox, visite esta p\u00e1gina de Mozilla: <a class=\"\" href=\"https:\/\/support.mozilla.org\/en-US\/kb\/delete-cookies-remove-infowebsites-stored\" target=\"_new\" rel=\"noopener\" data-start=\"1106\" data-end=\"1266\">https:\/\/support.mozilla.org\/en-US\/kb\/delete-cookies-remove-infowebsites-stored<\/a><br data-start=\"1266\" data-end=\"1269\" \/>Para el navegador Safari, visite esta p\u00e1gina de Apple: <a class=\"\" href=\"https:\/\/support.apple.com\/guide\/safari\/manage-cookies-and-websitedata-sfri11471\/mac\" target=\"_new\" rel=\"noopener\" data-start=\"1336\" data-end=\"1506\">https:\/\/support.apple.com\/guide\/safari\/manage-cookies-and-websitedata-sfri11471\/mac<\/a><\/p><p class=\"\" data-start=\"1510\" data-end=\"1596\">Para cualquier otro navegador, visite las p\u00e1ginas oficiales de su navegador.<\/p><p class=\"\" data-start=\"100\" data-end=\"202\"><strong data-start=\"100\" data-end=\"134\">M\u00e1s informaci\u00f3n sobre cookies<\/strong><br data-start=\"134\" data-end=\"137\" \/>Puede obtener m\u00e1s informaci\u00f3n sobre las cookies: Cookies: \u00bfQu\u00e9 hacen?<\/p><p class=\"\" data-start=\"204\" data-end=\"352\"><strong data-start=\"204\" data-end=\"220\">P\u00f3ngase en contacto con nosotros<\/strong><br data-start=\"220\" data-end=\"223\" \/>Si tiene alguna pregunta sobre esta Pol\u00edtica de Cookies, puede ponerse en contacto con nosotros:<br data-start=\"314\" data-end=\"317\" \/>Por correo electr\u00f3nico: <a class=\"cursor-pointer\" href=\"mailto:geral@diamondtours.pt\" rel=\"noopener\" data-start=\"331\" data-end=\"352\">geral@diamondtours.pt<\/a><\/p>\t\t\t\t\t\t\t\t<\/div>\n\t\t\t\t<\/div>\n\t\t\t\t\t<\/div>\n\t\t\t\t<\/div>\n\t\t\t\t<\/div>","protected":false},"excerpt":{"rendered":"<p>Pol\u00edtica de Cookies da Diamond Tours &#8211; Kayak &amp; Sup\u00daltima atualiza\u00e7\u00e3o: 09 de setembro de 2020 Esta Pol\u00edtica de Cookies<\/p>","protected":false},"author":1,"featured_media":0,"parent":0,"menu_order":0,"comment_status":"closed","ping_status":"closed","template":"","meta":{"_themeisle_gutenberg_block_has_review":false,"footnotes":""},"class_list":["post-16340","page","type-page","status-publish","hentry"],"yoast_head":"<!-- This site is optimized with the Yoast SEO plugin v26.5 - https:\/\/yoast.com\/wordpress\/plugins\/seo\/ -->\n<title>Pol\u00edtica de Cookies - Diamond Tours<\/title>\n<meta name=\"robots\" content=\"index, follow, max-snippet:-1, max-image-preview:large, max-video-preview:-1\" \/>\n<link rel=\"canonical\" href=\"https:\/\/diamondtours.pt\/es\/politica-de-cookies\/\" \/>\n<meta property=\"og:locale\" content=\"es_ES\" \/>\n<meta property=\"og:type\" content=\"article\" \/>\n<meta property=\"og:title\" content=\"Pol\u00edtica de Cookies - Diamond Tours\" \/>\n<meta property=\"og:description\" content=\"Pol\u00edtica de Cookies da Diamond Tours &#8211; Kayak &amp; Sup\u00daltima atualiza\u00e7\u00e3o: 09 de setembro de 2020 Esta Pol\u00edtica de Cookies\" \/>\n<meta property=\"og:url\" content=\"https:\/\/diamondtours.pt\/es\/politica-de-cookies\/\" \/>\n<meta property=\"og:site_name\" content=\"Diamond Tours\" \/>\n<meta property=\"article:modified_time\" content=\"2025-05-02T09:10:49+00:00\" \/>\n<meta name=\"twitter:card\" content=\"summary_large_image\" \/>\n<meta name=\"twitter:label1\" content=\"Tiempo de lectura\" \/>\n\t<meta name=\"twitter:data1\" content=\"4 minutos\" \/>\n<script type=\"application\/ld+json\" class=\"yoast-schema-graph\">{\"@context\":\"https:\/\/schema.org\",\"@graph\":[{\"@type\":\"WebPage\",\"@id\":\"https:\/\/diamondtours.pt\/politica-de-cookies\/\",\"url\":\"https:\/\/diamondtours.pt\/politica-de-cookies\/\",\"name\":\"Pol\u00edtica de Cookies - Diamond Tours\",\"isPartOf\":{\"@id\":\"https:\/\/diamondtours.pt\/#website\"},\"datePublished\":\"2025-05-02T09:01:12+00:00\",\"dateModified\":\"2025-05-02T09:10:49+00:00\",\"breadcrumb\":{\"@id\":\"https:\/\/diamondtours.pt\/politica-de-cookies\/#breadcrumb\"},\"inLanguage\":\"es\",\"potentialAction\":[{\"@type\":\"ReadAction\",\"target\":[\"https:\/\/diamondtours.pt\/politica-de-cookies\/\"]}]},{\"@type\":\"BreadcrumbList\",\"@id\":\"https:\/\/diamondtours.pt\/politica-de-cookies\/#breadcrumb\",\"itemListElement\":[{\"@type\":\"ListItem\",\"position\":1,\"name\":\"In\u00edcio\",\"item\":\"https:\/\/diamondtours.pt\/\"},{\"@type\":\"ListItem\",\"position\":2,\"name\":\"Pol\u00edtica de Cookies\"}]},{\"@type\":\"WebSite\",\"@id\":\"https:\/\/diamondtours.pt\/#website\",\"url\":\"https:\/\/diamondtours.pt\/\",\"name\":\"Diamond Tours\",\"description\":\"\",\"publisher\":{\"@id\":\"https:\/\/diamondtours.pt\/#organization\"},\"potentialAction\":[{\"@type\":\"SearchAction\",\"target\":{\"@type\":\"EntryPoint\",\"urlTemplate\":\"https:\/\/diamondtours.pt\/?s={search_term_string}\"},\"query-input\":{\"@type\":\"PropertyValueSpecification\",\"valueRequired\":true,\"valueName\":\"search_term_string\"}}],\"inLanguage\":\"es\"},{\"@type\":\"Organization\",\"@id\":\"https:\/\/diamondtours.pt\/#organization\",\"name\":\"Diamond Tours\",\"url\":\"https:\/\/diamondtours.pt\/\",\"logo\":{\"@type\":\"ImageObject\",\"inLanguage\":\"es\",\"@id\":\"https:\/\/diamondtours.pt\/#\/schema\/logo\/image\/\",\"url\":\"https:\/\/diamondtours.pt\/wp-content\/uploads\/2024\/06\/logo_boat-removebg.png\",\"contentUrl\":\"https:\/\/diamondtours.pt\/wp-content\/uploads\/2024\/06\/logo_boat-removebg.png\",\"width\":261,\"height\":191,\"caption\":\"Diamond Tours\"},\"image\":{\"@id\":\"https:\/\/diamondtours.pt\/#\/schema\/logo\/image\/\"}}]}<\/script>\n<!-- \/ Yoast SEO plugin. -->","yoast_head_json":{"title":"Pol\u00edtica de Cookies - Diamond Tours","robots":{"index":"index","follow":"follow","max-snippet":"max-snippet:-1","max-image-preview":"max-image-preview:large","max-video-preview":"max-video-preview:-1"},"canonical":"https:\/\/diamondtours.pt\/es\/politica-de-cookies\/","og_locale":"es_ES","og_type":"article","og_title":"Pol\u00edtica de Cookies - Diamond Tours","og_description":"Pol\u00edtica de Cookies da Diamond Tours &#8211; Kayak &amp; Sup\u00daltima atualiza\u00e7\u00e3o: 09 de setembro de 2020 Esta Pol\u00edtica de Cookies","og_url":"https:\/\/diamondtours.pt\/es\/politica-de-cookies\/","og_site_name":"Diamond Tours","article_modified_time":"2025-05-02T09:10:49+00:00","twitter_card":"summary_large_image","twitter_misc":{"Tiempo de lectura":"4 minutos"},"schema":{"@context":"https:\/\/schema.org","@graph":[{"@type":"WebPage","@id":"https:\/\/diamondtours.pt\/politica-de-cookies\/","url":"https:\/\/diamondtours.pt\/politica-de-cookies\/","name":"Pol\u00edtica de Cookies - Diamond Tours","isPartOf":{"@id":"https:\/\/diamondtours.pt\/#website"},"datePublished":"2025-05-02T09:01:12+00:00","dateModified":"2025-05-02T09:10:49+00:00","breadcrumb":{"@id":"https:\/\/diamondtours.pt\/politica-de-cookies\/#breadcrumb"},"inLanguage":"es","potentialAction":[{"@type":"ReadAction","target":["https:\/\/diamondtours.pt\/politica-de-cookies\/"]}]},{"@type":"BreadcrumbList","@id":"https:\/\/diamondtours.pt\/politica-de-cookies\/#breadcrumb","itemListElement":[{"@type":"ListItem","position":1,"name":"In\u00edcio","item":"https:\/\/diamondtours.pt\/"},{"@type":"ListItem","position":2,"name":"Pol\u00edtica de Cookies"}]},{"@type":"WebSite","@id":"https:\/\/diamondtours.pt\/#website","url":"https:\/\/diamondtours.pt\/","name":"Diamond Tours","description":"","publisher":{"@id":"https:\/\/diamondtours.pt\/#organization"},"potentialAction":[{"@type":"SearchAction","target":{"@type":"EntryPoint","urlTemplate":"https:\/\/diamondtours.pt\/?s={search_term_string}"},"query-input":{"@type":"PropertyValueSpecification","valueRequired":true,"valueName":"search_term_string"}}],"inLanguage":"es"},{"@type":"Organization","@id":"https:\/\/diamondtours.pt\/#organization","name":"Diamond Tours","url":"https:\/\/diamondtours.pt\/","logo":{"@type":"ImageObject","inLanguage":"es","@id":"https:\/\/diamondtours.pt\/#\/schema\/logo\/image\/","url":"https:\/\/diamondtours.pt\/wp-content\/uploads\/2024\/06\/logo_boat-removebg.png","contentUrl":"https:\/\/diamondtours.pt\/wp-content\/uploads\/2024\/06\/logo_boat-removebg.png","width":261,"height":191,"caption":"Diamond Tours"},"image":{"@id":"https:\/\/diamondtours.pt\/#\/schema\/logo\/image\/"}}]}},"_links":{"self":[{"href":"https:\/\/diamondtours.pt\/es\/wp-json\/wp\/v2\/pages\/16340","targetHints":{"allow":["GET"]}}],"collection":[{"href":"https:\/\/diamondtours.pt\/es\/wp-json\/wp\/v2\/pages"}],"about":[{"href":"https:\/\/diamondtours.pt\/es\/wp-json\/wp\/v2\/types\/page"}],"author":[{"embeddable":true,"href":"https:\/\/diamondtours.pt\/es\/wp-json\/wp\/v2\/users\/1"}],"replies":[{"embeddable":true,"href":"https:\/\/diamondtours.pt\/es\/wp-json\/wp\/v2\/comments?post=16340"}],"version-history":[{"count":8,"href":"https:\/\/diamondtours.pt\/es\/wp-json\/wp\/v2\/pages\/16340\/revisions"}],"predecessor-version":[{"id":16349,"href":"https:\/\/diamondtours.pt\/es\/wp-json\/wp\/v2\/pages\/16340\/revisions\/16349"}],"wp:attachment":[{"href":"https:\/\/diamondtours.pt\/es\/wp-json\/wp\/v2\/media?parent=16340"}],"curies":[{"name":"wp","href":"https:\/\/api.w.org\/{rel}","templated":true}]}}