{"id":16319,"date":"2025-04-23T15:40:11","date_gmt":"2025-04-23T14:40:11","guid":{"rendered":"https:\/\/stage.diamondtours.pt\/?page_id=16319"},"modified":"2025-05-02T09:45:17","modified_gmt":"2025-05-02T08:45:17","slug":"termos-e-condicoes","status":"publish","type":"page","link":"https:\/\/diamondtours.pt\/es\/termos-e-condicoes\/","title":{"rendered":"Condiciones generales"},"content":{"rendered":"<div data-elementor-type=\"wp-page\" data-elementor-id=\"16319\" class=\"elementor elementor-16319\">\n\t\t\t\t<div class=\"elementor-element elementor-element-6b6021e0 e-flex e-con-boxed e-con e-parent\" data-id=\"6b6021e0\" data-element_type=\"container\">\n\t\t\t\t\t<div class=\"e-con-inner\">\n\t\t\t\t<div class=\"elementor-element elementor-element-781403aa color-scheme-inherit text-left elementor-widget elementor-widget-text-editor\" data-id=\"781403aa\" data-element_type=\"widget\" data-widget_type=\"text-editor.default\">\n\t\t\t\t<div class=\"elementor-widget-container\">\n\t\t\t\t\t\t\t\t\t<h3><strong>Condiciones generales<\/strong><br \/>\u00daltima actualizaci\u00f3n: 9 de septiembre de 2020<\/h3><p>Lea atentamente estas condiciones antes de utilizar nuestro Servicio.<\/p><h3><strong>Interpretaci\u00f3n y definiciones<\/strong><\/h3><p><strong>Interpretaci\u00f3n<\/strong><br \/>Las palabras cuya primera letra aparece en may\u00fascula tienen significados definidos en las siguientes condiciones. Las siguientes definiciones tendr\u00e1n el mismo significado independientemente de que aparezcan en singular o en plural.<\/p><p><strong>Definiciones<\/strong><br \/>A los efectos de las presentes Condiciones Generales:<\/p><ul><li><p><strong>Afiliado<\/strong> significa una entidad que controla, es controlada por, o est\u00e1 bajo control com\u00fan con una de las partes, siendo \"control\" la propiedad de 50% o m\u00e1s de las acciones, participaciones u otros valores con derecho a voto para la elecci\u00f3n de directores u otra autoridad de gesti\u00f3n.<\/p><\/li><li><p><strong>Pa\u00eds<\/strong> se refiere a: Portugal<\/p><\/li><li><p><strong>Empresa<\/strong> (referido como \"la Compa\u00f1\u00eda\", \"Nosotros\", \"Nuestro\" o \"Nos\") se refiere a Diamond Tours, Estrada do Farol, Apartamentos Cristino Ferreira, 9\u00aa - 1\u00ba esq, 8400-505 Carvoeiro.<\/p><\/li><li><p><strong>Dispositivo<\/strong> cualquier dispositivo que pueda acceder al Servicio, como un ordenador, un tel\u00e9fono m\u00f3vil o una tableta digital.<\/p><\/li><li><p><strong>Servicio<\/strong> se refiere al Sitio web.<\/p><\/li><li><p><strong>Condiciones generales<\/strong> (tambi\u00e9n denominado \"Condiciones\") se refiere a estas Condiciones Generales que constituyen el acuerdo completo entre Usted y la Empresa en relaci\u00f3n con el uso del Servicio. Este acuerdo de T\u00e9rminos y Condiciones fue creado con la ayuda del Generador de T\u00e9rminos y Condiciones.<\/p><\/li><li><p><strong>Servicio de redes sociales de terceros<\/strong> cualquier servicio o contenido (incluidos datos, informaci\u00f3n, productos o servicios) proporcionado por terceros que pueda mostrarse, incluirse o ponerse a disposici\u00f3n a trav\u00e9s del Servicio.<\/p><\/li><li><p><strong>P\u00e1gina web<\/strong> remite a Diamond Tours - Kayak &amp; Sup, accesible en https:\/\/diamondtours.pt<\/p><\/li><li><p><strong>Usted<\/strong> se refiere a la persona que accede o utiliza el Servicio, o a la empresa u otra entidad jur\u00eddica en cuyo nombre dicha persona accede o utiliza el Servicio, seg\u00fan corresponda.<\/p><\/li><\/ul><p><strong>Reconocimiento<\/strong><\/p><p>Estos son los T\u00e9rminos y Condiciones que rigen el uso de este Servicio y el acuerdo que opera entre Usted y la Compa\u00f1\u00eda. Estos T\u00e9rminos y Condiciones establecen los derechos y obligaciones de todos los usuarios en relaci\u00f3n con el uso del Servicio.<\/p><p>Su acceso y uso del Servicio est\u00e1n condicionados a su aceptaci\u00f3n y cumplimiento de estos T\u00e9rminos y Condiciones. Estas Condiciones se aplican a todos los visitantes, usuarios y dem\u00e1s personas que accedan o utilicen el Servicio.<\/p><p>Al acceder o utilizar el Servicio, Usted acepta quedar vinculado por las presentes Condiciones Generales. Si no est\u00e1 de acuerdo con alguna parte de estas Condiciones, no podr\u00e1 acceder al Servicio.<\/p><p>Usted declara ser mayor de 18 a\u00f1os. La Empresa no permite que los menores de 18 a\u00f1os utilicen el Servicio.<\/p><p>Su acceso y uso del Servicio tambi\u00e9n est\u00e1n condicionados a Su aceptaci\u00f3n y cumplimiento de la Pol\u00edtica de Privacidad de la Empresa. Nuestra Pol\u00edtica de Privacidad describe nuestras pol\u00edticas y procedimientos relativos a la recopilaci\u00f3n, uso y divulgaci\u00f3n de su informaci\u00f3n personal cuando Usted utiliza la Aplicaci\u00f3n o el Sitio, y le informa sobre sus derechos de privacidad y c\u00f3mo le protege la ley. Lea atentamente nuestra Pol\u00edtica de Privacidad antes de utilizar nuestro Servicio.<\/p><p><strong>Enlaces a otros sitios<\/strong><\/p><p>Nuestro Servicio puede contener enlaces a sitios web o servicios de terceros que no son propiedad ni est\u00e1n controlados por la Empresa.<\/p><p>La Empresa no tiene control alguno sobre el contenido, las pol\u00edticas de privacidad o las pr\u00e1cticas de los sitios web o servicios de terceros, ni asume responsabilidad alguna por los mismos. Adem\u00e1s, usted reconoce y acepta que la Empresa no ser\u00e1 responsable, directa o indirectamente, por cualquier da\u00f1o o p\u00e9rdida causada o supuestamente causada por o en conexi\u00f3n con el uso o la confianza en cualquier contenido, bienes o servicios disponibles en o a trav\u00e9s de cualquiera de dichos sitios web o servicios.<\/p><p>Le recomendamos encarecidamente que lea los t\u00e9rminos y condiciones y las pol\u00edticas de privacidad de los sitios web o servicios de terceros que visite.<\/p><p><strong>Terminaci\u00f3n<\/strong><\/p><p>Podemos terminar o suspender su acceso inmediatamente, sin previo aviso ni responsabilidad, por cualquier motivo, incluyendo, sin limitaci\u00f3n, si usted incumple estos T\u00e9rminos y Condiciones.<\/p><p>En caso de rescisi\u00f3n, cesar\u00e1 inmediatamente su derecho a utilizar el Servicio.<\/p><p><strong>Limitaci\u00f3n de responsabilidad<\/strong><\/p><p>Independientemente de cualquier da\u00f1o que Usted pueda sufrir, la responsabilidad total de la Empresa y de cualquiera de sus proveedores en virtud de cualquier disposici\u00f3n de estas Condiciones, y su \u00fanico y exclusivo recurso para todos los asuntos mencionados anteriormente, se limitar\u00e1 al importe efectivamente pagado por Usted a trav\u00e9s del Servicio o a 100 USD si Usted no ha comprado nada a trav\u00e9s del Servicio.<\/p><p>En la medida m\u00e1xima permitida por la legislaci\u00f3n aplicable, en ning\u00fan caso la Empresa o sus proveedores ser\u00e1n responsables de ning\u00fan da\u00f1o especial, incidental, indirecto o consecuente de ning\u00fan tipo (incluyendo, pero no limitado a, da\u00f1os por p\u00e9rdida de beneficios, p\u00e9rdida de datos u otra informaci\u00f3n, interrupci\u00f3n del negocio, da\u00f1os personales, p\u00e9rdida de privacidad que se deriven o est\u00e9n relacionados de alg\u00fan modo con el uso o la imposibilidad de uso del Servicio, software de terceros y\/o hardware de terceros utilizado con el Servicio, o en relaci\u00f3n con cualquier disposici\u00f3n de estas Condiciones), incluso si la Empresa o cualquier proveedor ha sido advertido de la posibilidad de tales da\u00f1os e incluso si la soluci\u00f3n no cumple su prop\u00f3sito esencial.<\/p><p>Algunos estados no permiten la exclusi\u00f3n de garant\u00edas impl\u00edcitas o la limitaci\u00f3n de responsabilidad por da\u00f1os incidentales o consecuentes, lo que significa que algunas de las limitaciones anteriores pueden no aplicarse a Usted. En estos estados, la responsabilidad de cada parte se limitar\u00e1 en la mayor medida permitida por la ley.<\/p><p class=\"\" data-start=\"54\" data-end=\"127\"><strong data-start=\"54\" data-end=\"93\">\"TAL CUAL\" y \"SEG\u00daN DISPONIBILIDAD\".<\/strong><br data-start=\"93\" data-end=\"96\" \/><strong data-start=\"96\" data-end=\"127\">Descargo de responsabilidad<\/strong><\/p><p class=\"\" data-start=\"129\" data-end=\"808\">El Servicio se le proporciona \"TAL CUAL\" y \"SEG\u00daN DISPONIBILIDAD\", con todos los fallos y defectos, sin garant\u00eda de ning\u00fan tipo. En la medida m\u00e1xima permitida por la legislaci\u00f3n aplicable, la Empresa, en su propio nombre y en nombre de sus Afiliadas, as\u00ed como de sus respectivos licenciantes y proveedores de servicios, renuncia expresamente a todas las garant\u00edas, ya sean expresas, impl\u00edcitas, estatutarias o de otro tipo, con respecto al Servicio, incluidas, entre otras, las garant\u00edas impl\u00edcitas de comerciabilidad, idoneidad para un fin determinado, titularidad y no infracci\u00f3n, as\u00ed como las garant\u00edas que puedan derivarse del curso de las negociaciones, el rendimiento, el uso o la pr\u00e1ctica comercial.<\/p><p class=\"\" data-start=\"810\" data-end=\"1271\">Sin perjuicio de lo anterior, la Empresa no ofrece ninguna garant\u00eda ni se compromete a que el Servicio satisfaga sus necesidades, logre los resultados previstos, sea compatible o funcione con cualquier otro software, aplicaci\u00f3n, sistema o servicio, funcione sin interrupciones, cumpla las normas de rendimiento o fiabilidad, est\u00e9 libre de errores o que cualquier error o defecto pueda corregirse o vaya a corregirse.<\/p><p class=\"\" data-start=\"1273\" data-end=\"1951\">Sin perjuicio de lo anterior, ni la Empresa ni ninguno de sus proveedores hacen declaraciones ni ofrecen garant\u00edas de ning\u00fan tipo, expresas o impl\u00edcitas: (i) en cuanto al funcionamiento o disponibilidad del Servicio, o la informaci\u00f3n, contenido, materiales o productos incluidos en el mismo; (ii) que el Servicio ser\u00e1 ininterrumpido o libre de errores; (iii) en cuanto a la exactitud, fiabilidad o puntualidad de cualquier informaci\u00f3n o contenido proporcionado a trav\u00e9s del Servicio; o (iv) que el Servicio, sus servidores, el contenido o correos electr\u00f3nicos enviados por o en nombre de la Compa\u00f1\u00eda estar\u00e1n libres de virus, scripts, troyanos, gusanos, malware, bombas de tiempo u otros componentes da\u00f1inos.<\/p><p class=\"\" data-start=\"1953\" data-end=\"2315\">Algunas jurisdicciones no permiten la exclusi\u00f3n de determinados tipos de garant\u00edas o limitaciones de los derechos legales aplicables a los consumidores, por lo que es posible que algunas o todas las exclusiones y limitaciones anteriores no sean aplicables en su caso. Pero en ese caso, las exclusiones y limitaciones establecidas en esta secci\u00f3n se aplicar\u00e1n en la mayor medida permitida por la legislaci\u00f3n aplicable.<\/p><p class=\"\" data-start=\"35\" data-end=\"52\"><strong data-start=\"35\" data-end=\"52\">Legislaci\u00f3n aplicable<\/strong><\/p><p class=\"\" data-start=\"54\" data-end=\"281\">Las presentes Condiciones y el uso que Usted haga del Servicio se regir\u00e1n por la legislaci\u00f3n del pa\u00eds, con exclusi\u00f3n de las normas sobre conflicto de leyes. Su uso de la Aplicaci\u00f3n tambi\u00e9n puede estar sujeto a otras leyes locales, estatales, nacionales o internacionales.<\/p><p class=\"\" data-start=\"52\" data-end=\"77\"><strong data-start=\"52\" data-end=\"77\">Resoluci\u00f3n de litigios<\/strong><\/p><p class=\"\" data-start=\"79\" data-end=\"240\">Si tiene alguna duda o disputa relacionada con el Servicio, acepta intentar resolver la disputa de manera informal poni\u00e9ndose en contacto con la Empresa.<\/p><p class=\"\" data-start=\"242\" data-end=\"423\"><strong data-start=\"242\" data-end=\"282\">Para usuarios de la Uni\u00f3n Europea (UE)<\/strong><br data-start=\"282\" data-end=\"285\" \/>Si Usted es un consumidor residente en la Uni\u00f3n Europea, tendr\u00e1 derecho a cualquier disposici\u00f3n obligatoria de la legislaci\u00f3n del pa\u00eds en el que resida.<\/p><p class=\"\" data-start=\"425\" data-end=\"782\"><strong data-start=\"425\" data-end=\"469\">Cumplimiento de la legislaci\u00f3n de Estados Unidos<\/strong><br data-start=\"469\" data-end=\"472\" \/>Usted declara y garantiza que (i) no se encuentra en un pa\u00eds sujeto a embargo por el gobierno de EE.UU. o que haya sido designado por el gobierno de EE.UU. como pa\u00eds que \"apoya el terrorismo\"; y (ii) no est\u00e1 incluido en ninguna lista del gobierno de EE.UU. de partes prohibidas o restringidas.<\/p><p class=\"\" data-start=\"35\" data-end=\"64\"><strong data-start=\"35\" data-end=\"64\">Divisibilidad y renuncia<\/strong><\/p><p class=\"\" data-start=\"66\" data-end=\"380\"><strong data-start=\"66\" data-end=\"84\">Divisibilidad<\/strong><br data-start=\"84\" data-end=\"87\" \/>Si alguna disposici\u00f3n de estas Condiciones se considera inaplicable o inv\u00e1lida, dicha disposici\u00f3n se modificar\u00e1 e interpretar\u00e1 de forma que se alcancen los objetivos de dicha disposici\u00f3n en la mayor medida posible seg\u00fan la legislaci\u00f3n aplicable, y las disposiciones restantes permanecer\u00e1n en pleno vigor y efecto.<\/p><p class=\"\" data-start=\"382\" data-end=\"746\"><strong data-start=\"382\" data-end=\"394\">Dimisi\u00f3n<\/strong><br data-start=\"394\" data-end=\"397\" \/>Salvo lo dispuesto en el presente documento, el hecho de no ejercer un derecho o de no exigir el cumplimiento de una obligaci\u00f3n en virtud de las presentes Condiciones no afectar\u00e1 a la capacidad de una parte para ejercer dicho derecho o exigir dicho cumplimiento en cualquier momento posterior, ni la renuncia a un incumplimiento se considerar\u00e1 una renuncia a cualquier incumplimiento posterior.<\/p><p class=\"\" data-start=\"45\" data-end=\"74\"><strong data-start=\"45\" data-end=\"74\">Traducci\u00f3n Interpretaci\u00f3n<\/strong><\/p><p class=\"\" data-start=\"45\" data-end=\"74\">Estas Condiciones Generales pueden haber sido traducidas si las hemos puesto a su disposici\u00f3n en nuestro Servicio. Usted acepta que el texto original en ingl\u00e9s prevalecer\u00e1 en caso de litigio.<\/p><p class=\"\" data-start=\"35\" data-end=\"76\"><strong data-start=\"35\" data-end=\"76\">Modificaciones de las presentes Condiciones Generales<\/strong><\/p><p class=\"\" data-start=\"78\" data-end=\"461\">Nos reservamos el derecho, a nuestra entera discreci\u00f3n, de modificar o sustituir estas Condiciones en cualquier momento. Si se considera que una revisi\u00f3n es importante, haremos todo lo posible por avisar con al menos 30 d\u00edas de antelaci\u00f3n antes de que las nuevas condiciones entren en vigor. Lo que constituya un cambio significativo se determinar\u00e1 a nuestra entera discreci\u00f3n.<\/p><p class=\"\" data-start=\"463\" data-end=\"715\">Al continuar accediendo o utilizando nuestro Servicio despu\u00e9s de que estas revisiones entren en vigor, Usted acepta quedar vinculado por los t\u00e9rminos revisados. Si no est\u00e1 de acuerdo con las nuevas condiciones, en su totalidad o en parte, deje de utilizar el sitio y el Servicio.<\/p><p class=\"\" data-start=\"210\" data-end=\"238\"><strong data-start=\"210\" data-end=\"238\">Pol\u00edtica de cancelaci\u00f3n<\/strong><\/p><p class=\"\" data-start=\"240\" data-end=\"449\">Usted puede cancelar su compra o suscripci\u00f3n en cualquier momento de acuerdo con las condiciones establecidas a continuaci\u00f3n. Al utilizar nuestro Servicio, Usted acepta las condiciones descritas en la presente Pol\u00edtica de Cancelaci\u00f3n.<\/p><p class=\"\" data-start=\"451\" data-end=\"826\"><strong data-start=\"451\" data-end=\"480\">Anulaci\u00f3n por parte del usuario<\/strong><br data-start=\"480\" data-end=\"483\" \/>Si desea cancelar un pedido o una reserva, h\u00e1galo al menos 24 horas antes de la fecha prevista o de la renovaci\u00f3n del servicio, seg\u00fan proceda. Las cancelaciones realizadas dentro del plazo establecido podr\u00e1n dar derecho a un reembolso total o parcial, tal y como se describe en nuestra Pol\u00edtica de reembolsos.<\/p><p class=\"\" data-start=\"828\" data-end=\"1036\"><strong data-start=\"828\" data-end=\"875\">Cancelaciones tard\u00edas o no presentaci\u00f3n<\/strong><br data-start=\"875\" data-end=\"878\" \/>Las cancelaciones solicitadas fuera de plazo no ser\u00e1n reembolsables. La no presentaci\u00f3n sin previo aviso se considerar\u00e1 una cancelaci\u00f3n tard\u00eda.<\/p><p class=\"\" data-start=\"1038\" data-end=\"1377\"><strong data-start=\"1038\" data-end=\"1067\">Anulaci\u00f3n por la empresa<\/strong><br data-start=\"1067\" data-end=\"1070\" \/>Nos reservamos el derecho a cancelar cualquier pedido o servicio, a nuestra discreci\u00f3n, por razones t\u00e9cnicas, operativas o de seguridad o por incumplimiento de las presentes Condiciones. En tales casos, se notificar\u00e1 al usuario y, si procede, se le ofrecer\u00e1 un reembolso completo o una nueva fecha para el servicio.<\/p><p class=\"\" data-start=\"1379\" data-end=\"1621\"><strong data-start=\"1379\" data-end=\"1410\">Solicitud de anulaci\u00f3n<\/strong><br data-start=\"1410\" data-end=\"1413\" \/>Para solicitar la cancelaci\u00f3n, p\u00f3ngase en contacto con nosotros a trav\u00e9s de los canales oficiales indicados en nuestro sitio web. Deber\u00e1 facilitar informaci\u00f3n suficiente para identificar la compra o el servicio que desea cancelar.<\/p><p class=\"\" data-start=\"1623\" data-end=\"1866\"><strong data-start=\"1623\" data-end=\"1652\">Cambios en esta pol\u00edtica<\/strong><br data-start=\"1652\" data-end=\"1655\" \/>Esta Pol\u00edtica de Cancelaci\u00f3n puede ser actualizada de vez en cuando. Le recomendamos que la revise con regularidad. Su uso continuado del Servicio despu\u00e9s de cualquier modificaci\u00f3n constituye la aceptaci\u00f3n de las nuevas condiciones.<\/p><p data-start=\"1623\" data-end=\"1866\"><strong data-start=\"50\" data-end=\"66\">P\u00f3ngase en contacto con nosotros<\/strong><br data-start=\"66\" data-end=\"69\" \/>Si tiene alguna pregunta sobre estas Condiciones, puede ponerse en contacto con nosotros:<br data-start=\"160\" data-end=\"163\" \/>Por correo electr\u00f3nico: <a class=\"cursor-pointer\" href=\"mailto:geral@diamondtours.pt\" rel=\"noopener\" data-start=\"177\" data-end=\"198\">geral@diamondtours.pt<\/a><\/p>\t\t\t\t\t\t\t\t<\/div>\n\t\t\t\t<\/div>\n\t\t\t\t\t<\/div>\n\t\t\t\t<\/div>\n\t\t\t\t<\/div>","protected":false},"excerpt":{"rendered":"<p>Termos e Condi\u00e7\u00f5es\u00daltima atualiza\u00e7\u00e3o: 9 de setembro de 2020 Por favor, leia atentamente estes termos e condi\u00e7\u00f5es antes de utilizar<\/p>","protected":false},"author":1,"featured_media":0,"parent":0,"menu_order":0,"comment_status":"closed","ping_status":"closed","template":"","meta":{"_themeisle_gutenberg_block_has_review":false,"footnotes":""},"class_list":["post-16319","page","type-page","status-publish","hentry"],"yoast_head":"<!-- This site is optimized with the Yoast SEO plugin v26.5 - https:\/\/yoast.com\/wordpress\/plugins\/seo\/ -->\n<title>Termos e Condi\u00e7\u00f5es - Diamond Tours<\/title>\n<meta name=\"robots\" content=\"index, follow, max-snippet:-1, max-image-preview:large, max-video-preview:-1\" \/>\n<link rel=\"canonical\" href=\"https:\/\/diamondtours.pt\/es\/termos-e-condicoes\/\" \/>\n<meta property=\"og:locale\" content=\"es_ES\" \/>\n<meta property=\"og:type\" content=\"article\" \/>\n<meta property=\"og:title\" content=\"Termos e Condi\u00e7\u00f5es - Diamond Tours\" \/>\n<meta property=\"og:description\" content=\"Termos e Condi\u00e7\u00f5es\u00daltima atualiza\u00e7\u00e3o: 9 de setembro de 2020 Por favor, leia atentamente estes termos e condi\u00e7\u00f5es antes de utilizar\" \/>\n<meta property=\"og:url\" content=\"https:\/\/diamondtours.pt\/es\/termos-e-condicoes\/\" \/>\n<meta property=\"og:site_name\" content=\"Diamond Tours\" \/>\n<meta property=\"article:modified_time\" content=\"2025-05-02T08:45:17+00:00\" \/>\n<meta name=\"twitter:card\" content=\"summary_large_image\" \/>\n<meta name=\"twitter:label1\" content=\"Tiempo de lectura\" \/>\n\t<meta name=\"twitter:data1\" content=\"11 minutos\" \/>\n<script type=\"application\/ld+json\" class=\"yoast-schema-graph\">{\"@context\":\"https:\/\/schema.org\",\"@graph\":[{\"@type\":\"WebPage\",\"@id\":\"https:\/\/diamondtours.pt\/termos-e-condicoes\/\",\"url\":\"https:\/\/diamondtours.pt\/termos-e-condicoes\/\",\"name\":\"Termos e Condi\u00e7\u00f5es - Diamond Tours\",\"isPartOf\":{\"@id\":\"https:\/\/diamondtours.pt\/#website\"},\"datePublished\":\"2025-04-23T14:40:11+00:00\",\"dateModified\":\"2025-05-02T08:45:17+00:00\",\"breadcrumb\":{\"@id\":\"https:\/\/diamondtours.pt\/termos-e-condicoes\/#breadcrumb\"},\"inLanguage\":\"es\",\"potentialAction\":[{\"@type\":\"ReadAction\",\"target\":[\"https:\/\/diamondtours.pt\/termos-e-condicoes\/\"]}]},{\"@type\":\"BreadcrumbList\",\"@id\":\"https:\/\/diamondtours.pt\/termos-e-condicoes\/#breadcrumb\",\"itemListElement\":[{\"@type\":\"ListItem\",\"position\":1,\"name\":\"In\u00edcio\",\"item\":\"https:\/\/diamondtours.pt\/\"},{\"@type\":\"ListItem\",\"position\":2,\"name\":\"Termos e Condi\u00e7\u00f5es\"}]},{\"@type\":\"WebSite\",\"@id\":\"https:\/\/diamondtours.pt\/#website\",\"url\":\"https:\/\/diamondtours.pt\/\",\"name\":\"Diamond Tours\",\"description\":\"\",\"publisher\":{\"@id\":\"https:\/\/diamondtours.pt\/#organization\"},\"potentialAction\":[{\"@type\":\"SearchAction\",\"target\":{\"@type\":\"EntryPoint\",\"urlTemplate\":\"https:\/\/diamondtours.pt\/?s={search_term_string}\"},\"query-input\":{\"@type\":\"PropertyValueSpecification\",\"valueRequired\":true,\"valueName\":\"search_term_string\"}}],\"inLanguage\":\"es\"},{\"@type\":\"Organization\",\"@id\":\"https:\/\/diamondtours.pt\/#organization\",\"name\":\"Diamond Tours\",\"url\":\"https:\/\/diamondtours.pt\/\",\"logo\":{\"@type\":\"ImageObject\",\"inLanguage\":\"es\",\"@id\":\"https:\/\/diamondtours.pt\/#\/schema\/logo\/image\/\",\"url\":\"https:\/\/diamondtours.pt\/wp-content\/uploads\/2024\/06\/logo_boat-removebg.png\",\"contentUrl\":\"https:\/\/diamondtours.pt\/wp-content\/uploads\/2024\/06\/logo_boat-removebg.png\",\"width\":261,\"height\":191,\"caption\":\"Diamond Tours\"},\"image\":{\"@id\":\"https:\/\/diamondtours.pt\/#\/schema\/logo\/image\/\"}}]}<\/script>\n<!-- \/ Yoast SEO plugin. -->","yoast_head_json":{"title":"Termos e Condi\u00e7\u00f5es - Diamond Tours","robots":{"index":"index","follow":"follow","max-snippet":"max-snippet:-1","max-image-preview":"max-image-preview:large","max-video-preview":"max-video-preview:-1"},"canonical":"https:\/\/diamondtours.pt\/es\/termos-e-condicoes\/","og_locale":"es_ES","og_type":"article","og_title":"Termos e Condi\u00e7\u00f5es - Diamond Tours","og_description":"Termos e Condi\u00e7\u00f5es\u00daltima atualiza\u00e7\u00e3o: 9 de setembro de 2020 Por favor, leia atentamente estes termos e condi\u00e7\u00f5es antes de utilizar","og_url":"https:\/\/diamondtours.pt\/es\/termos-e-condicoes\/","og_site_name":"Diamond Tours","article_modified_time":"2025-05-02T08:45:17+00:00","twitter_card":"summary_large_image","twitter_misc":{"Tiempo de lectura":"11 minutos"},"schema":{"@context":"https:\/\/schema.org","@graph":[{"@type":"WebPage","@id":"https:\/\/diamondtours.pt\/termos-e-condicoes\/","url":"https:\/\/diamondtours.pt\/termos-e-condicoes\/","name":"Termos e Condi\u00e7\u00f5es - Diamond Tours","isPartOf":{"@id":"https:\/\/diamondtours.pt\/#website"},"datePublished":"2025-04-23T14:40:11+00:00","dateModified":"2025-05-02T08:45:17+00:00","breadcrumb":{"@id":"https:\/\/diamondtours.pt\/termos-e-condicoes\/#breadcrumb"},"inLanguage":"es","potentialAction":[{"@type":"ReadAction","target":["https:\/\/diamondtours.pt\/termos-e-condicoes\/"]}]},{"@type":"BreadcrumbList","@id":"https:\/\/diamondtours.pt\/termos-e-condicoes\/#breadcrumb","itemListElement":[{"@type":"ListItem","position":1,"name":"In\u00edcio","item":"https:\/\/diamondtours.pt\/"},{"@type":"ListItem","position":2,"name":"Termos e Condi\u00e7\u00f5es"}]},{"@type":"WebSite","@id":"https:\/\/diamondtours.pt\/#website","url":"https:\/\/diamondtours.pt\/","name":"Diamond Tours","description":"","publisher":{"@id":"https:\/\/diamondtours.pt\/#organization"},"potentialAction":[{"@type":"SearchAction","target":{"@type":"EntryPoint","urlTemplate":"https:\/\/diamondtours.pt\/?s={search_term_string}"},"query-input":{"@type":"PropertyValueSpecification","valueRequired":true,"valueName":"search_term_string"}}],"inLanguage":"es"},{"@type":"Organization","@id":"https:\/\/diamondtours.pt\/#organization","name":"Diamond Tours","url":"https:\/\/diamondtours.pt\/","logo":{"@type":"ImageObject","inLanguage":"es","@id":"https:\/\/diamondtours.pt\/#\/schema\/logo\/image\/","url":"https:\/\/diamondtours.pt\/wp-content\/uploads\/2024\/06\/logo_boat-removebg.png","contentUrl":"https:\/\/diamondtours.pt\/wp-content\/uploads\/2024\/06\/logo_boat-removebg.png","width":261,"height":191,"caption":"Diamond Tours"},"image":{"@id":"https:\/\/diamondtours.pt\/#\/schema\/logo\/image\/"}}]}},"_links":{"self":[{"href":"https:\/\/diamondtours.pt\/es\/wp-json\/wp\/v2\/pages\/16319","targetHints":{"allow":["GET"]}}],"collection":[{"href":"https:\/\/diamondtours.pt\/es\/wp-json\/wp\/v2\/pages"}],"about":[{"href":"https:\/\/diamondtours.pt\/es\/wp-json\/wp\/v2\/types\/page"}],"author":[{"embeddable":true,"href":"https:\/\/diamondtours.pt\/es\/wp-json\/wp\/v2\/users\/1"}],"replies":[{"embeddable":true,"href":"https:\/\/diamondtours.pt\/es\/wp-json\/wp\/v2\/comments?post=16319"}],"version-history":[{"count":16,"href":"https:\/\/diamondtours.pt\/es\/wp-json\/wp\/v2\/pages\/16319\/revisions"}],"predecessor-version":[{"id":16339,"href":"https:\/\/diamondtours.pt\/es\/wp-json\/wp\/v2\/pages\/16319\/revisions\/16339"}],"wp:attachment":[{"href":"https:\/\/diamondtours.pt\/es\/wp-json\/wp\/v2\/media?parent=16319"}],"curies":[{"name":"wp","href":"https:\/\/api.w.org\/{rel}","templated":true}]}}