{"id":16340,"date":"2025-05-02T10:01:12","date_gmt":"2025-05-02T09:01:12","guid":{"rendered":"https:\/\/stage.diamondtours.pt\/?page_id=16340"},"modified":"2025-05-02T10:10:49","modified_gmt":"2025-05-02T09:10:49","slug":"politica-de-cookies","status":"publish","type":"page","link":"https:\/\/diamondtours.pt\/en\/politica-de-cookies\/","title":{"rendered":"Cookie Policy"},"content":{"rendered":"<div data-elementor-type=\"wp-page\" data-elementor-id=\"16340\" class=\"elementor elementor-16340\">\n\t\t\t\t<div class=\"elementor-element elementor-element-326b3b5e e-flex e-con-boxed e-con e-parent\" data-id=\"326b3b5e\" data-element_type=\"container\">\n\t\t\t\t\t<div class=\"e-con-inner\">\n\t\t\t\t<div class=\"elementor-element elementor-element-5644ac74 color-scheme-inherit text-left elementor-widget elementor-widget-text-editor\" data-id=\"5644ac74\" data-element_type=\"widget\" data-widget_type=\"text-editor.default\">\n\t\t\t\t<div class=\"elementor-widget-container\">\n\t\t\t\t\t\t\t\t\t<h3 data-start=\"76\" data-end=\"179\"><strong data-start=\"76\" data-end=\"130\">Diamond Tours - Kayak &amp; Sup Cookie Policy<\/strong><br data-start=\"130\" data-end=\"133\" \/><strong data-start=\"133\" data-end=\"179\">Last updated: 09 September 2020<\/strong><\/h3><p class=\"\" data-start=\"181\" data-end=\"500\">This Cookie Policy explains what Cookies are and how We use them. You should read this policy to understand what type of cookies we use, what information we collect through them and how that information is used. This Cookie Policy was created with the help of the Cookie Policy Generator.<\/p><p class=\"\" data-start=\"502\" data-end=\"864\">Cookies do not normally contain information that personally identifies a user, but the personal information we store about You may be linked to the information stored and obtained through Cookies. For more information on how we use, store and keep your personal data secure, please see our Privacy Policy.<\/p><p class=\"\" data-start=\"866\" data-end=\"989\">We do not store sensitive personal information such as postal addresses, account passwords, etc. in the cookies we use.<\/p><h3 data-start=\"105\" data-end=\"135\"><strong data-start=\"105\" data-end=\"135\">Interpretation and Definitions<\/strong><\/h3><p class=\"\" data-start=\"137\" data-end=\"369\"><strong data-start=\"137\" data-end=\"154\">Interpretation<\/strong><br data-start=\"154\" data-end=\"157\" \/>Words whose initial letters are capitalised have defined meanings under the following conditions. The following definitions will have the same meaning regardless of whether they appear in the singular or plural.<\/p><p class=\"\" data-start=\"371\" data-end=\"433\"><strong data-start=\"371\" data-end=\"385\">Definitions<\/strong><br data-start=\"385\" data-end=\"388\" \/>For the purposes of this Cookie Policy:<\/p><p class=\"\" data-start=\"435\" data-end=\"1172\">\u25cf <strong data-start=\"437\" data-end=\"448\">Company<\/strong> (referred to as \"the Company\", \"We\", \"Us\" or \"Our\" in this Cookie Policy) refers to Diamond Tours, Estrada do Farol, Apartamentos Cristino Ferreira, 9\u00aa - 1\u00ba esq, 8400-505 Carvoeiro.<br data-start=\"637\" data-end=\"640\" \/>\u25cf <strong data-start=\"642\" data-end=\"653\">Cookies<\/strong> are small files placed on Your computer, mobile device or any other device by a website, containing details of Your browsing history on that website, among other purposes.<br data-start=\"851\" data-end=\"854\" \/>\u25cf <strong data-start=\"856\" data-end=\"867\">Website<\/strong> refers to Diamond Tours - Kayak &amp; Sup, accessible at <a class=\"\" href=\"https:\/\/kayakbenagil.com\" target=\"_new\" rel=\"noopener\" data-start=\"922\" data-end=\"974\">https:\/\/kayakbenagil.com<\/a>.<br data-start=\"975\" data-end=\"978\" \/>\u25cf <strong data-start=\"980\" data-end=\"988\">You<\/strong> means the individual accessing or using the Website, or a company or other legal entity on whose behalf such individual is accessing or using the Website, as applicable.<\/p><h3 data-start=\"67\" data-end=\"86\"><strong data-start=\"67\" data-end=\"86\">Use of Cookies<\/strong><\/h3><p class=\"\" data-start=\"88\" data-end=\"369\"><strong data-start=\"88\" data-end=\"122\">Type of Cookies We Use<\/strong><br data-start=\"122\" data-end=\"125\" \/>Cookies can be \"Persistent\" or \"Session\". Persistent Cookies remain on your personal computer or mobile device when you go offline, while Session Cookies are deleted as soon as you close your web browser.<\/p><p class=\"\" data-start=\"371\" data-end=\"471\">We use both Session Cookies and Persistent Cookies for the purposes described below:<\/p><p class=\"\" data-start=\"473\" data-end=\"951\">\u25cf <strong data-start=\"475\" data-end=\"511\">Necessary \/ Essential Cookies<\/strong><br data-start=\"511\" data-end=\"514\" \/>Type: Session Cookies<br data-start=\"537\" data-end=\"540\" \/>Managed by: Us<br data-start=\"562\" data-end=\"565\" \/>Purpose: These Cookies are essential to provide the services available through the Website and to allow You to use some of its functionalities. They help authenticate users and prevent fraudulent use of user accounts. Without these Cookies, the services You have requested cannot be provided, and we only use these Cookies to provide these services.<\/p><p class=\"\" data-start=\"953\" data-end=\"1363\">\u25cf <strong data-start=\"955\" data-end=\"984\">Functionality Cookies<\/strong><br data-start=\"984\" data-end=\"987\" \/>Type: Persistent Cookies<br data-start=\"1013\" data-end=\"1016\" \/>Managed by: Us<br data-start=\"1038\" data-end=\"1041\" \/>Purpose: These Cookies allow us to remember the choices You make when using the Website, such as remembering your login details or language preferences. The purpose of these Cookies is to provide You with a more personalised experience and to avoid You having to re-enter Your preferences every time You use the Website.<\/p><h3 data-start=\"75\" data-end=\"112\"><strong data-start=\"75\" data-end=\"112\">Your Cookie Choices<\/strong><\/h3><p class=\"\" data-start=\"114\" data-end=\"387\">If you prefer to prevent the use of Cookies on the Website, you must first disable the use of Cookies in your browser and then delete the Cookies saved in your browser associated with this website. You can use this option to prevent the use of Cookies at any time.<\/p><p class=\"\" data-start=\"389\" data-end=\"544\">If You do not accept our Cookies, You may experience some inconveniences when using the Website and some functionalities may not work properly.<\/p><p class=\"\" data-start=\"546\" data-end=\"698\">If you wish to delete Cookies or instruct your web browser to delete or refuse Cookies, please visit the help pages of your web browser.<\/p><p class=\"\" data-start=\"700\" data-end=\"1508\">For the Chrome browser, please visit this Google page: <a class=\"\" href=\"https:\/\/support.google.com\/accounts\/answer\/32050\" target=\"_new\" rel=\"noopener\" data-start=\"768\" data-end=\"868\">https:\/\/support.google.com\/accounts\/answer\/32050<\/a><br data-start=\"868\" data-end=\"871\" \/>For the Internet Explorer browser, please visit this Microsoft page: <a class=\"\" href=\"http:\/\/support.microsoft.com\/kb\/278835\" target=\"_new\" rel=\"noopener\" data-start=\"953\" data-end=\"1033\">http:\/\/support.microsoft.com\/kb\/278835<\/a><br data-start=\"1033\" data-end=\"1036\" \/>For the Firefox browser, please visit this Mozilla page: <a class=\"\" href=\"https:\/\/support.mozilla.org\/en-US\/kb\/delete-cookies-remove-infowebsites-stored\" target=\"_new\" rel=\"noopener\" data-start=\"1106\" data-end=\"1266\">https:\/\/support.mozilla.org\/en-US\/kb\/delete-cookies-remove-infowebsites-stored<\/a><br data-start=\"1266\" data-end=\"1269\" \/>For the Safari browser, please visit this Apple page: <a class=\"\" href=\"https:\/\/support.apple.com\/guide\/safari\/manage-cookies-and-websitedata-sfri11471\/mac\" target=\"_new\" rel=\"noopener\" data-start=\"1336\" data-end=\"1506\">https:\/\/support.apple.com\/guide\/safari\/manage-cookies-and-websitedata-sfri11471\/mac<\/a><\/p><p class=\"\" data-start=\"1510\" data-end=\"1596\">For any other browser, please visit the official pages of your browser.<\/p><p class=\"\" data-start=\"100\" data-end=\"202\"><strong data-start=\"100\" data-end=\"134\">More information about cookies<\/strong><br data-start=\"134\" data-end=\"137\" \/>You can learn more about cookies: Cookies: What Do They Do?<\/p><p class=\"\" data-start=\"204\" data-end=\"352\"><strong data-start=\"204\" data-end=\"220\">Contact us<\/strong><br data-start=\"220\" data-end=\"223\" \/>If you have any questions about this Cookie Policy, you can contact us:<br data-start=\"314\" data-end=\"317\" \/>\u25cf By e-mail: <a class=\"cursor-pointer\" href=\"mailto:geral@diamondtours.pt\" rel=\"noopener\" data-start=\"331\" data-end=\"352\">geral@diamondtours.pt<\/a><\/p>\t\t\t\t\t\t\t\t<\/div>\n\t\t\t\t<\/div>\n\t\t\t\t\t<\/div>\n\t\t\t\t<\/div>\n\t\t\t\t<\/div>","protected":false},"excerpt":{"rendered":"<p>Diamond Tours Cookie Policy \u2013 Kayak &amp; SUP Last updated: 9 September 2020 This Cookie Policy<\/p>","protected":false},"author":1,"featured_media":0,"parent":0,"menu_order":0,"comment_status":"closed","ping_status":"closed","template":"","meta":{"_themeisle_gutenberg_block_has_review":false,"footnotes":""},"class_list":["post-16340","page","type-page","status-publish","hentry"],"yoast_head":"<!-- This site is optimized with the Yoast SEO plugin v26.5 - https:\/\/yoast.com\/wordpress\/plugins\/seo\/ -->\n<title>Pol\u00edtica de Cookies - Diamond Tours<\/title>\n<meta name=\"robots\" content=\"index, follow, max-snippet:-1, max-image-preview:large, max-video-preview:-1\" \/>\n<link rel=\"canonical\" href=\"https:\/\/diamondtours.pt\/en\/politica-de-cookies\/\" \/>\n<meta property=\"og:locale\" content=\"en_GB\" \/>\n<meta property=\"og:type\" content=\"article\" \/>\n<meta property=\"og:title\" content=\"Pol\u00edtica de Cookies - Diamond Tours\" \/>\n<meta property=\"og:description\" content=\"Pol\u00edtica de Cookies da Diamond Tours &#8211; Kayak &amp; Sup\u00daltima atualiza\u00e7\u00e3o: 09 de setembro de 2020 Esta Pol\u00edtica de Cookies\" \/>\n<meta property=\"og:url\" content=\"https:\/\/diamondtours.pt\/en\/politica-de-cookies\/\" \/>\n<meta property=\"og:site_name\" content=\"Diamond Tours\" \/>\n<meta property=\"article:modified_time\" content=\"2025-05-02T09:10:49+00:00\" \/>\n<meta name=\"twitter:card\" content=\"summary_large_image\" \/>\n<meta name=\"twitter:label1\" content=\"Estimated reading time\" \/>\n\t<meta name=\"twitter:data1\" content=\"4 minutes\" \/>\n<script type=\"application\/ld+json\" class=\"yoast-schema-graph\">{\"@context\":\"https:\/\/schema.org\",\"@graph\":[{\"@type\":\"WebPage\",\"@id\":\"https:\/\/diamondtours.pt\/politica-de-cookies\/\",\"url\":\"https:\/\/diamondtours.pt\/politica-de-cookies\/\",\"name\":\"Pol\u00edtica de Cookies - Diamond Tours\",\"isPartOf\":{\"@id\":\"https:\/\/diamondtours.pt\/#website\"},\"datePublished\":\"2025-05-02T09:01:12+00:00\",\"dateModified\":\"2025-05-02T09:10:49+00:00\",\"breadcrumb\":{\"@id\":\"https:\/\/diamondtours.pt\/politica-de-cookies\/#breadcrumb\"},\"inLanguage\":\"en-GB\",\"potentialAction\":[{\"@type\":\"ReadAction\",\"target\":[\"https:\/\/diamondtours.pt\/politica-de-cookies\/\"]}]},{\"@type\":\"BreadcrumbList\",\"@id\":\"https:\/\/diamondtours.pt\/politica-de-cookies\/#breadcrumb\",\"itemListElement\":[{\"@type\":\"ListItem\",\"position\":1,\"name\":\"In\u00edcio\",\"item\":\"https:\/\/diamondtours.pt\/\"},{\"@type\":\"ListItem\",\"position\":2,\"name\":\"Pol\u00edtica de Cookies\"}]},{\"@type\":\"WebSite\",\"@id\":\"https:\/\/diamondtours.pt\/#website\",\"url\":\"https:\/\/diamondtours.pt\/\",\"name\":\"Diamond Tours\",\"description\":\"\",\"publisher\":{\"@id\":\"https:\/\/diamondtours.pt\/#organization\"},\"potentialAction\":[{\"@type\":\"SearchAction\",\"target\":{\"@type\":\"EntryPoint\",\"urlTemplate\":\"https:\/\/diamondtours.pt\/?s={search_term_string}\"},\"query-input\":{\"@type\":\"PropertyValueSpecification\",\"valueRequired\":true,\"valueName\":\"search_term_string\"}}],\"inLanguage\":\"en-GB\"},{\"@type\":\"Organization\",\"@id\":\"https:\/\/diamondtours.pt\/#organization\",\"name\":\"Diamond Tours\",\"url\":\"https:\/\/diamondtours.pt\/\",\"logo\":{\"@type\":\"ImageObject\",\"inLanguage\":\"en-GB\",\"@id\":\"https:\/\/diamondtours.pt\/#\/schema\/logo\/image\/\",\"url\":\"https:\/\/diamondtours.pt\/wp-content\/uploads\/2024\/06\/logo_boat-removebg.png\",\"contentUrl\":\"https:\/\/diamondtours.pt\/wp-content\/uploads\/2024\/06\/logo_boat-removebg.png\",\"width\":261,\"height\":191,\"caption\":\"Diamond Tours\"},\"image\":{\"@id\":\"https:\/\/diamondtours.pt\/#\/schema\/logo\/image\/\"}}]}<\/script>\n<!-- \/ Yoast SEO plugin. -->","yoast_head_json":{"title":"Pol\u00edtica de Cookies - Diamond Tours","robots":{"index":"index","follow":"follow","max-snippet":"max-snippet:-1","max-image-preview":"max-image-preview:large","max-video-preview":"max-video-preview:-1"},"canonical":"https:\/\/diamondtours.pt\/en\/politica-de-cookies\/","og_locale":"en_GB","og_type":"article","og_title":"Pol\u00edtica de Cookies - Diamond Tours","og_description":"Pol\u00edtica de Cookies da Diamond Tours &#8211; Kayak &amp; Sup\u00daltima atualiza\u00e7\u00e3o: 09 de setembro de 2020 Esta Pol\u00edtica de Cookies","og_url":"https:\/\/diamondtours.pt\/en\/politica-de-cookies\/","og_site_name":"Diamond Tours","article_modified_time":"2025-05-02T09:10:49+00:00","twitter_card":"summary_large_image","twitter_misc":{"Estimated reading time":"4 minutes"},"schema":{"@context":"https:\/\/schema.org","@graph":[{"@type":"WebPage","@id":"https:\/\/diamondtours.pt\/politica-de-cookies\/","url":"https:\/\/diamondtours.pt\/politica-de-cookies\/","name":"Pol\u00edtica de Cookies - Diamond Tours","isPartOf":{"@id":"https:\/\/diamondtours.pt\/#website"},"datePublished":"2025-05-02T09:01:12+00:00","dateModified":"2025-05-02T09:10:49+00:00","breadcrumb":{"@id":"https:\/\/diamondtours.pt\/politica-de-cookies\/#breadcrumb"},"inLanguage":"en-GB","potentialAction":[{"@type":"ReadAction","target":["https:\/\/diamondtours.pt\/politica-de-cookies\/"]}]},{"@type":"BreadcrumbList","@id":"https:\/\/diamondtours.pt\/politica-de-cookies\/#breadcrumb","itemListElement":[{"@type":"ListItem","position":1,"name":"In\u00edcio","item":"https:\/\/diamondtours.pt\/"},{"@type":"ListItem","position":2,"name":"Pol\u00edtica de Cookies"}]},{"@type":"WebSite","@id":"https:\/\/diamondtours.pt\/#website","url":"https:\/\/diamondtours.pt\/","name":"Diamond Tours","description":"","publisher":{"@id":"https:\/\/diamondtours.pt\/#organization"},"potentialAction":[{"@type":"SearchAction","target":{"@type":"EntryPoint","urlTemplate":"https:\/\/diamondtours.pt\/?s={search_term_string}"},"query-input":{"@type":"PropertyValueSpecification","valueRequired":true,"valueName":"search_term_string"}}],"inLanguage":"en-GB"},{"@type":"Organization","@id":"https:\/\/diamondtours.pt\/#organization","name":"Diamond Tours","url":"https:\/\/diamondtours.pt\/","logo":{"@type":"ImageObject","inLanguage":"en-GB","@id":"https:\/\/diamondtours.pt\/#\/schema\/logo\/image\/","url":"https:\/\/diamondtours.pt\/wp-content\/uploads\/2024\/06\/logo_boat-removebg.png","contentUrl":"https:\/\/diamondtours.pt\/wp-content\/uploads\/2024\/06\/logo_boat-removebg.png","width":261,"height":191,"caption":"Diamond Tours"},"image":{"@id":"https:\/\/diamondtours.pt\/#\/schema\/logo\/image\/"}}]}},"_links":{"self":[{"href":"https:\/\/diamondtours.pt\/en\/wp-json\/wp\/v2\/pages\/16340","targetHints":{"allow":["GET"]}}],"collection":[{"href":"https:\/\/diamondtours.pt\/en\/wp-json\/wp\/v2\/pages"}],"about":[{"href":"https:\/\/diamondtours.pt\/en\/wp-json\/wp\/v2\/types\/page"}],"author":[{"embeddable":true,"href":"https:\/\/diamondtours.pt\/en\/wp-json\/wp\/v2\/users\/1"}],"replies":[{"embeddable":true,"href":"https:\/\/diamondtours.pt\/en\/wp-json\/wp\/v2\/comments?post=16340"}],"version-history":[{"count":8,"href":"https:\/\/diamondtours.pt\/en\/wp-json\/wp\/v2\/pages\/16340\/revisions"}],"predecessor-version":[{"id":16349,"href":"https:\/\/diamondtours.pt\/en\/wp-json\/wp\/v2\/pages\/16340\/revisions\/16349"}],"wp:attachment":[{"href":"https:\/\/diamondtours.pt\/en\/wp-json\/wp\/v2\/media?parent=16340"}],"curies":[{"name":"wp","href":"https:\/\/api.w.org\/{rel}","templated":true}]}}