{"id":16350,"date":"2025-05-02T10:14:17","date_gmt":"2025-05-02T09:14:17","guid":{"rendered":"https:\/\/stage.diamondtours.pt\/?page_id=16350"},"modified":"2025-05-02T10:34:50","modified_gmt":"2025-05-02T09:34:50","slug":"disclaimer","status":"publish","type":"page","link":"https:\/\/diamondtours.pt\/de\/disclaimer\/","title":{"rendered":"Haftungsausschluss"},"content":{"rendered":"<div data-elementor-type=\"wp-page\" data-elementor-id=\"16350\" class=\"elementor elementor-16350\">\n\t\t\t\t<div class=\"elementor-element elementor-element-49669124 e-flex e-con-boxed e-con e-parent\" data-id=\"49669124\" data-element_type=\"container\">\n\t\t\t\t\t<div class=\"e-con-inner\">\n\t\t\t\t<div class=\"elementor-element elementor-element-7dbef313 color-scheme-inherit text-left elementor-widget elementor-widget-text-editor\" data-id=\"7dbef313\" data-element_type=\"widget\" data-widget_type=\"text-editor.default\">\n\t\t\t\t<div class=\"elementor-widget-container\">\n\t\t\t\t\t\t\t\t\t<h3 data-start=\"0\" data-end=\"70\">Haftungsausschluss von Diamond Tours - Kajak &amp; Sup<\/h3><p>Haftungsausschluss<br data-start=\"106\" data-end=\"109\" \/>Letzte Aktualisierung: 09. September 2020<\/p><h3>Auslegung und Definitionen<\/h3><p><strong>Auslegung<\/strong><br data-start=\"42\" data-end=\"45\" \/>W\u00f6rter, deren Anfangsbuchstaben gro\u00df geschrieben werden, haben unter den folgenden Bedingungen eine bestimmte Bedeutung. Die nachstehenden Definitionen haben dieselbe Bedeutung, unabh\u00e4ngig davon, ob sie im Singular oder Plural stehen.<br data-start=\"254\" data-end=\"257\" \/><strong>Definitionen<\/strong><br data-start=\"267\" data-end=\"270\" \/>F\u00fcr die Zwecke dieses Hinweises auf den Haftungsausschluss:<br data-start=\"326\" data-end=\"329\" \/>Unternehmen (in dieser Mitteilung als \"das Unternehmen\", \"wir\", \"uns\" oder \"unser\" bezeichnet) bezieht sich auf Diamond Tours, Estrada do Farol, Apartamentos Cristino Ferreira, 9\u00aa - 1\u00ba esq, 8400-505 Carvoeiro.<br data-start=\"513\" data-end=\"516\" \/>\u25cf Dienst bezieht sich auf die Website.<br data-start=\"547\" data-end=\"550\" \/>Sie sind die Person, die auf den Dienst zugreift, bzw. das Unternehmen oder eine andere juristische Person, in deren Namen eine solche Person auf den Dienst zugreift oder ihn nutzt.<\/p><h3>Haftungsausschluss<\/h3><p>Die in dem Dienst enthaltenen Informationen dienen nur zu allgemeinen Informationszwecken.<br data-start=\"115\" data-end=\"118\" \/>Das Unternehmen \u00fcbernimmt keine Verantwortung f\u00fcr Fehler oder Auslassungen in den Inhalten des Dienstes.<br data-start=\"212\" data-end=\"215\" \/>In keinem Fall haftet das Unternehmen f\u00fcr besondere, direkte, indirekte oder zuf\u00e4llige Sch\u00e4den oder f\u00fcr Sch\u00e4den jeglicher Art, sei es durch Vertrag, Fahrl\u00e4ssigkeit oder andere unerlaubte Handlungen, die aus oder in Verbindung mit der Nutzung des Dienstes oder des Inhalts des Dienstes entstehen. Das Unternehmen beh\u00e4lt sich das Recht vor, den Inhalt des Dienstes jederzeit und ohne vorherige Ank\u00fcndigung zu erg\u00e4nzen, zu l\u00f6schen oder zu \u00e4ndern. Dieser Haftungsausschluss wurde mit Hilfe des Hinweis-Generators erstellt.<br data-start=\"762\" data-end=\"765\" \/>Das Unternehmen garantiert nicht, dass der Dienst frei von Viren oder anderen sch\u00e4dlichen Komponenten ist.<\/p><h3>Haftungsausschluss f\u00fcr externe Links<\/h3><p>Der Dienst kann Links zu externen Websites enthalten, die nicht von der Gesellschaft bereitgestellt, gewartet oder in irgendeiner Weise mit ihr verbunden sind.<br \/>Bitte beachten Sie, dass das Unternehmen keine Garantie f\u00fcr die Richtigkeit, Relevanz, Aktualit\u00e4t oder Vollst\u00e4ndigkeit der Informationen auf diesen externen Websites \u00fcbernimmt.<\/p><h3>Haftungsausschluss f\u00fcr Fehler und Auslassungen<\/h3><p>Die vom Dienst bereitgestellten Informationen dienen lediglich der allgemeinen Orientierung \u00fcber Themen von Interesse. Auch wenn das Unternehmen alle Vorkehrungen trifft, um sicherzustellen, dass der Inhalt des Dienstes aktuell und korrekt ist, k\u00f6nnen Fehler auftreten. Dar\u00fcber hinaus kann es angesichts der sich st\u00e4ndig \u00e4ndernden Gesetze, Regeln und Vorschriften zu Verz\u00f6gerungen, Auslassungen oder Ungenauigkeiten bei den im Dienst enthaltenen Informationen kommen.<br \/>Das Unternehmen haftet weder f\u00fcr Fehler oder Auslassungen noch f\u00fcr die Ergebnisse, die sich aus der Verwendung dieser Informationen ergeben.<\/p><h3 data-start=\"0\" data-end=\"644\">Hinweis zur fairen Nutzung<\/h3><p>Das Unternehmen kann urheberrechtlich gesch\u00fctztes Material verwenden, das nicht immer ausdr\u00fccklich vom Urheberrechtsinhaber genehmigt wurde. Das Unternehmen stellt solches Material zu Zwecken der Kritik, des Kommentars, der Berichterstattung, der Lehre, des Studiums oder der Forschung zur Verf\u00fcgung.<br data-start=\"272\" data-end=\"275\" \/>Das Unternehmen ist der Ansicht, dass dies eine \"faire Nutzung\" von urheberrechtlich gesch\u00fctztem Material darstellt, wie es in Abschnitt 107 des US-Urheberrechtsgesetzes vorgesehen ist.<br data-start=\"460\" data-end=\"463\" \/>Wenn Sie urheberrechtlich gesch\u00fctztes Material aus dem Dienst f\u00fcr Ihre eigenen Zwecke verwenden m\u00f6chten, die \u00fcber eine faire Nutzung hinausgehen, m\u00fcssen Sie die Genehmigung des Urheberrechtsinhabers einholen.<\/p><h3 data-start=\"646\" data-end=\"1345\">Haftungsausschluss f\u00fcr Meinungs\u00e4u\u00dferungen<\/h3><p>Kommentare, die von Nutzern ver\u00f6ffentlicht werden, liegen in deren alleiniger Verantwortung, und die Nutzer selbst \u00fcbernehmen die volle Verantwortung, Haftung und Schuld f\u00fcr jegliche Diffamierung oder Rechtsstreitigkeiten, die sich aus etwas ergeben, das in einem Kommentar geschrieben wurde, oder als direkte Folge von etwas, das in einem Kommentar geschrieben wurde. Das Unternehmen ist nicht f\u00fcr die von den Nutzern ver\u00f6ffentlichten Kommentare verantwortlich und beh\u00e4lt sich das Recht vor, jeden Kommentar aus beliebigen Gr\u00fcnden zu l\u00f6schen.<\/p><h3>Haftungsausschluss<\/h3><p>Die in dem Dienst enthaltenen Informationen werden unter der Voraussetzung bereitgestellt, dass das Unternehmen hier keine Rechts-, Buchhaltungs-, Steuer- oder sonstigen professionellen Dienstleistungen erbringt. Daher sollten diese Informationen nicht als Ersatz f\u00fcr eine Beratung durch Buchhalter, Rechtsanw\u00e4lte, Steuerfachleute oder andere kompetente Fachleute verwendet werden.<br \/>In keinem Fall haften das Unternehmen oder seine Zulieferer f\u00fcr besondere, zuf\u00e4llige, indirekte oder Folgesch\u00e4den, die sich aus oder in Verbindung mit Ihrem Zugang, Ihrer Nutzung oder der Unm\u00f6glichkeit des Zugangs oder der Nutzung des Dienstes ergeben.<\/p><h3>Benutzung auf eigene Gefahr\" Hinweis<\/h3><p>Alle Informationen des Dienstes werden im Ist-Zustand zur Verf\u00fcgung gestellt, ohne Garantie f\u00fcr Vollst\u00e4ndigkeit, Genauigkeit, Aktualit\u00e4t oder f\u00fcr die Ergebnisse, die sich aus der Nutzung dieser Informationen ergeben, und ohne Garantie jeglicher Art, weder ausdr\u00fccklich noch stillschweigend, einschlie\u00dflich, aber nicht beschr\u00e4nkt auf Garantien f\u00fcr Leistung, Marktg\u00e4ngigkeit oder Eignung f\u00fcr einen bestimmten Zweck.<br \/>Das Unternehmen haftet weder Ihnen noch einer anderen Person gegen\u00fcber f\u00fcr Entscheidungen oder Handlungen, die auf der Grundlage der vom Dienst bereitgestellten Informationen getroffen wurden, noch f\u00fcr Folgesch\u00e4den, besondere oder \u00e4hnliche Sch\u00e4den, selbst wenn auf die M\u00f6glichkeit solcher Sch\u00e4den hingewiesen wurde.<\/p><h3>Kontakt<\/h3><p>Wenn Sie Fragen zu diesem Disclaimer haben, k\u00f6nnen Sie uns kontaktieren:<br \/>\u25cf Per E-Mail: <a href=\"mailto:geral@diamondtours.pt\">geral@diamondtours.pt<\/a><\/p>\t\t\t\t\t\t\t\t<\/div>\n\t\t\t\t<\/div>\n\t\t\t\t\t<\/div>\n\t\t\t\t<\/div>\n\t\t\t\t<\/div>","protected":false},"excerpt":{"rendered":"<p>Haftungsausschluss von Diamond Tours \u2013 Kajak &amp; Sup Haftungsausschluss Letzte Aktualisierung: 09.<\/p>","protected":false},"author":1,"featured_media":0,"parent":0,"menu_order":0,"comment_status":"closed","ping_status":"closed","template":"","meta":{"_themeisle_gutenberg_block_has_review":false,"footnotes":""},"class_list":["post-16350","page","type-page","status-publish","hentry"],"yoast_head":"<!-- This site is optimized with the Yoast SEO plugin v26.5 - https:\/\/yoast.com\/wordpress\/plugins\/seo\/ -->\n<title>Disclaimer - Diamond Tours<\/title>\n<meta name=\"robots\" content=\"index, follow, max-snippet:-1, max-image-preview:large, max-video-preview:-1\" \/>\n<link rel=\"canonical\" href=\"https:\/\/diamondtours.pt\/de\/disclaimer\/\" \/>\n<meta property=\"og:locale\" content=\"de_DE\" \/>\n<meta property=\"og:type\" content=\"article\" \/>\n<meta property=\"og:title\" content=\"Disclaimer - Diamond Tours\" \/>\n<meta property=\"og:description\" content=\"Aviso de Isen\u00e7\u00e3o de Responsabilidade da Diamond Tours &#8211; Kayak &amp; Sup Aviso de Isen\u00e7\u00e3o de Responsabilidade\u00daltima atualiza\u00e7\u00e3o: 09 de\" \/>\n<meta property=\"og:url\" content=\"https:\/\/diamondtours.pt\/de\/disclaimer\/\" \/>\n<meta property=\"og:site_name\" content=\"Diamond Tours\" \/>\n<meta property=\"article:modified_time\" content=\"2025-05-02T09:34:50+00:00\" \/>\n<meta name=\"twitter:card\" content=\"summary_large_image\" \/>\n<meta name=\"twitter:label1\" content=\"Gesch\u00e4tzte Lesezeit\" \/>\n\t<meta name=\"twitter:data1\" content=\"5\u00a0Minuten\" \/>\n<script type=\"application\/ld+json\" class=\"yoast-schema-graph\">{\"@context\":\"https:\/\/schema.org\",\"@graph\":[{\"@type\":\"WebPage\",\"@id\":\"https:\/\/diamondtours.pt\/disclaimer\/\",\"url\":\"https:\/\/diamondtours.pt\/disclaimer\/\",\"name\":\"Disclaimer - Diamond Tours\",\"isPartOf\":{\"@id\":\"https:\/\/diamondtours.pt\/#website\"},\"datePublished\":\"2025-05-02T09:14:17+00:00\",\"dateModified\":\"2025-05-02T09:34:50+00:00\",\"breadcrumb\":{\"@id\":\"https:\/\/diamondtours.pt\/disclaimer\/#breadcrumb\"},\"inLanguage\":\"de\",\"potentialAction\":[{\"@type\":\"ReadAction\",\"target\":[\"https:\/\/diamondtours.pt\/disclaimer\/\"]}]},{\"@type\":\"BreadcrumbList\",\"@id\":\"https:\/\/diamondtours.pt\/disclaimer\/#breadcrumb\",\"itemListElement\":[{\"@type\":\"ListItem\",\"position\":1,\"name\":\"In\u00edcio\",\"item\":\"https:\/\/diamondtours.pt\/\"},{\"@type\":\"ListItem\",\"position\":2,\"name\":\"Disclaimer\"}]},{\"@type\":\"WebSite\",\"@id\":\"https:\/\/diamondtours.pt\/#website\",\"url\":\"https:\/\/diamondtours.pt\/\",\"name\":\"Diamond Tours\",\"description\":\"\",\"publisher\":{\"@id\":\"https:\/\/diamondtours.pt\/#organization\"},\"potentialAction\":[{\"@type\":\"SearchAction\",\"target\":{\"@type\":\"EntryPoint\",\"urlTemplate\":\"https:\/\/diamondtours.pt\/?s={search_term_string}\"},\"query-input\":{\"@type\":\"PropertyValueSpecification\",\"valueRequired\":true,\"valueName\":\"search_term_string\"}}],\"inLanguage\":\"de\"},{\"@type\":\"Organization\",\"@id\":\"https:\/\/diamondtours.pt\/#organization\",\"name\":\"Diamond Tours\",\"url\":\"https:\/\/diamondtours.pt\/\",\"logo\":{\"@type\":\"ImageObject\",\"inLanguage\":\"de\",\"@id\":\"https:\/\/diamondtours.pt\/#\/schema\/logo\/image\/\",\"url\":\"https:\/\/diamondtours.pt\/wp-content\/uploads\/2024\/06\/logo_boat-removebg.png\",\"contentUrl\":\"https:\/\/diamondtours.pt\/wp-content\/uploads\/2024\/06\/logo_boat-removebg.png\",\"width\":261,\"height\":191,\"caption\":\"Diamond Tours\"},\"image\":{\"@id\":\"https:\/\/diamondtours.pt\/#\/schema\/logo\/image\/\"}}]}<\/script>\n<!-- \/ Yoast SEO plugin. -->","yoast_head_json":{"title":"Disclaimer - Diamond Tours","robots":{"index":"index","follow":"follow","max-snippet":"max-snippet:-1","max-image-preview":"max-image-preview:large","max-video-preview":"max-video-preview:-1"},"canonical":"https:\/\/diamondtours.pt\/de\/disclaimer\/","og_locale":"de_DE","og_type":"article","og_title":"Disclaimer - Diamond Tours","og_description":"Aviso de Isen\u00e7\u00e3o de Responsabilidade da Diamond Tours &#8211; Kayak &amp; Sup Aviso de Isen\u00e7\u00e3o de Responsabilidade\u00daltima atualiza\u00e7\u00e3o: 09 de","og_url":"https:\/\/diamondtours.pt\/de\/disclaimer\/","og_site_name":"Diamond Tours","article_modified_time":"2025-05-02T09:34:50+00:00","twitter_card":"summary_large_image","twitter_misc":{"Gesch\u00e4tzte Lesezeit":"5\u00a0Minuten"},"schema":{"@context":"https:\/\/schema.org","@graph":[{"@type":"WebPage","@id":"https:\/\/diamondtours.pt\/disclaimer\/","url":"https:\/\/diamondtours.pt\/disclaimer\/","name":"Disclaimer - Diamond Tours","isPartOf":{"@id":"https:\/\/diamondtours.pt\/#website"},"datePublished":"2025-05-02T09:14:17+00:00","dateModified":"2025-05-02T09:34:50+00:00","breadcrumb":{"@id":"https:\/\/diamondtours.pt\/disclaimer\/#breadcrumb"},"inLanguage":"de","potentialAction":[{"@type":"ReadAction","target":["https:\/\/diamondtours.pt\/disclaimer\/"]}]},{"@type":"BreadcrumbList","@id":"https:\/\/diamondtours.pt\/disclaimer\/#breadcrumb","itemListElement":[{"@type":"ListItem","position":1,"name":"In\u00edcio","item":"https:\/\/diamondtours.pt\/"},{"@type":"ListItem","position":2,"name":"Disclaimer"}]},{"@type":"WebSite","@id":"https:\/\/diamondtours.pt\/#website","url":"https:\/\/diamondtours.pt\/","name":"Diamant-Touren","description":"","publisher":{"@id":"https:\/\/diamondtours.pt\/#organization"},"potentialAction":[{"@type":"SearchAction","target":{"@type":"EntryPoint","urlTemplate":"https:\/\/diamondtours.pt\/?s={search_term_string}"},"query-input":{"@type":"PropertyValueSpecification","valueRequired":true,"valueName":"search_term_string"}}],"inLanguage":"de"},{"@type":"Organization","@id":"https:\/\/diamondtours.pt\/#organization","name":"Diamant-Touren","url":"https:\/\/diamondtours.pt\/","logo":{"@type":"ImageObject","inLanguage":"de","@id":"https:\/\/diamondtours.pt\/#\/schema\/logo\/image\/","url":"https:\/\/diamondtours.pt\/wp-content\/uploads\/2024\/06\/logo_boat-removebg.png","contentUrl":"https:\/\/diamondtours.pt\/wp-content\/uploads\/2024\/06\/logo_boat-removebg.png","width":261,"height":191,"caption":"Diamond Tours"},"image":{"@id":"https:\/\/diamondtours.pt\/#\/schema\/logo\/image\/"}}]}},"_links":{"self":[{"href":"https:\/\/diamondtours.pt\/de\/wp-json\/wp\/v2\/pages\/16350","targetHints":{"allow":["GET"]}}],"collection":[{"href":"https:\/\/diamondtours.pt\/de\/wp-json\/wp\/v2\/pages"}],"about":[{"href":"https:\/\/diamondtours.pt\/de\/wp-json\/wp\/v2\/types\/page"}],"author":[{"embeddable":true,"href":"https:\/\/diamondtours.pt\/de\/wp-json\/wp\/v2\/users\/1"}],"replies":[{"embeddable":true,"href":"https:\/\/diamondtours.pt\/de\/wp-json\/wp\/v2\/comments?post=16350"}],"version-history":[{"count":8,"href":"https:\/\/diamondtours.pt\/de\/wp-json\/wp\/v2\/pages\/16350\/revisions"}],"predecessor-version":[{"id":16359,"href":"https:\/\/diamondtours.pt\/de\/wp-json\/wp\/v2\/pages\/16350\/revisions\/16359"}],"wp:attachment":[{"href":"https:\/\/diamondtours.pt\/de\/wp-json\/wp\/v2\/media?parent=16350"}],"curies":[{"name":"wp","href":"https:\/\/api.w.org\/{rel}","templated":true}]}}