{"id":16340,"date":"2025-05-02T10:01:12","date_gmt":"2025-05-02T09:01:12","guid":{"rendered":"https:\/\/stage.diamondtours.pt\/?page_id=16340"},"modified":"2025-05-02T10:10:49","modified_gmt":"2025-05-02T09:10:49","slug":"politica-de-cookies","status":"publish","type":"page","link":"https:\/\/diamondtours.pt\/de\/politica-de-cookies\/","title":{"rendered":"Cookie-Richtlinie"},"content":{"rendered":"<div data-elementor-type=\"wp-page\" data-elementor-id=\"16340\" class=\"elementor elementor-16340\">\n\t\t\t\t<div class=\"elementor-element elementor-element-326b3b5e e-flex e-con-boxed e-con e-parent\" data-id=\"326b3b5e\" data-element_type=\"container\">\n\t\t\t\t\t<div class=\"e-con-inner\">\n\t\t\t\t<div class=\"elementor-element elementor-element-5644ac74 color-scheme-inherit text-left elementor-widget elementor-widget-text-editor\" data-id=\"5644ac74\" data-element_type=\"widget\" data-widget_type=\"text-editor.default\">\n\t\t\t\t<div class=\"elementor-widget-container\">\n\t\t\t\t\t\t\t\t\t<h3 data-start=\"76\" data-end=\"179\"><strong data-start=\"76\" data-end=\"130\">Diamond Tours - Kajak &amp; Sup Cookie-Richtlinie<\/strong><br data-start=\"130\" data-end=\"133\" \/><strong data-start=\"133\" data-end=\"179\">Letzte Aktualisierung: 09. September 2020<\/strong><\/h3><p class=\"\" data-start=\"181\" data-end=\"500\">Diese Cookie-Richtlinie erkl\u00e4rt, was Cookies sind und wie wir sie verwenden. Sie sollten diese Richtlinie lesen, um zu verstehen, welche Art von Cookies wir verwenden, welche Informationen wir durch sie sammeln und wie diese Informationen verwendet werden. Diese Cookie-Richtlinie wurde mit Hilfe des Cookie-Richtlinien-Generators erstellt.<\/p><p class=\"\" data-start=\"502\" data-end=\"864\">Cookies enthalten normalerweise keine Informationen, die einen Benutzer pers\u00f6nlich identifizieren, aber die pers\u00f6nlichen Daten, die wir \u00fcber Sie speichern, k\u00f6nnen mit den Informationen verkn\u00fcpft werden, die durch Cookies gespeichert und erhalten werden. Weitere Informationen dar\u00fcber, wie wir Ihre pers\u00f6nlichen Daten verwenden, speichern und sicher aufbewahren, finden Sie in unserer Datenschutzrichtlinie.<\/p><p class=\"\" data-start=\"866\" data-end=\"989\">In den von uns verwendeten Cookies werden keine sensiblen pers\u00f6nlichen Daten wie Postadressen, Kontopassw\u00f6rter usw. gespeichert.<\/p><h3 data-start=\"105\" data-end=\"135\"><strong data-start=\"105\" data-end=\"135\">Auslegung und Definitionen<\/strong><\/h3><p class=\"\" data-start=\"137\" data-end=\"369\"><strong data-start=\"137\" data-end=\"154\">Auslegung<\/strong><br data-start=\"154\" data-end=\"157\" \/>W\u00f6rter, deren Anfangsbuchstaben gro\u00df geschrieben werden, haben unter den folgenden Bedingungen eine bestimmte Bedeutung. Die folgenden Definitionen haben dieselbe Bedeutung, unabh\u00e4ngig davon, ob sie im Singular oder Plural stehen.<\/p><p class=\"\" data-start=\"371\" data-end=\"433\"><strong data-start=\"371\" data-end=\"385\">Definitionen<\/strong><br data-start=\"385\" data-end=\"388\" \/>F\u00fcr die Zwecke dieser Cookie-Richtlinie:<\/p><p class=\"\" data-start=\"435\" data-end=\"1172\">\u25cf <strong data-start=\"437\" data-end=\"448\">Unternehmen<\/strong> (in dieser Cookie-Richtlinie als \"das Unternehmen\", \"wir\", \"uns\" oder \"unser\" bezeichnet) bezieht sich auf Diamond Tours, Estrada do Farol, Apartamentos Cristino Ferreira, 9\u00aa - 1\u00ba esq, 8400-505 Carvoeiro.<br data-start=\"637\" data-end=\"640\" \/>\u25cf <strong data-start=\"642\" data-end=\"653\">Cookies<\/strong> sind kleine Dateien, die von einer Website auf Ihrem Computer, Ihrem Mobilger\u00e4t oder einem anderen Ger\u00e4t gespeichert werden und unter anderem Angaben zu Ihrem Surfverhalten auf dieser Website enthalten.<br data-start=\"851\" data-end=\"854\" \/>\u25cf <strong data-start=\"856\" data-end=\"867\">Website<\/strong> verweist auf Diamond Tours - Kayak &amp; Sup, erreichbar unter <a class=\"\" href=\"https:\/\/kayakbenagil.com\" target=\"_new\" rel=\"noopener\" data-start=\"922\" data-end=\"974\">https:\/\/kayakbenagil.com<\/a>.<br data-start=\"975\" data-end=\"978\" \/>\u25cf <strong data-start=\"980\" data-end=\"988\">Sie<\/strong> bezeichnet die nat\u00fcrliche Person, die auf die Website zugreift oder sie nutzt, bzw. ein Unternehmen oder eine andere juristische Person, in deren Namen eine solche Person auf die Website zugreift oder sie nutzt.<\/p><h3 data-start=\"67\" data-end=\"86\"><strong data-start=\"67\" data-end=\"86\">Verwendung von Cookies<\/strong><\/h3><p class=\"\" data-start=\"88\" data-end=\"369\"><strong data-start=\"88\" data-end=\"122\">Art der von uns verwendeten Cookies<\/strong><br data-start=\"122\" data-end=\"125\" \/>Cookies k\u00f6nnen \"persistent\" oder \"Session\" sein. Dauerhafte Cookies verbleiben auf Ihrem Computer oder Mobilger\u00e4t, wenn Sie offline gehen, w\u00e4hrend Sitzungscookies gel\u00f6scht werden, sobald Sie Ihren Webbrowser schlie\u00dfen.<\/p><p class=\"\" data-start=\"371\" data-end=\"471\">Wir verwenden sowohl Sitzungscookies als auch dauerhafte Cookies f\u00fcr die unten beschriebenen Zwecke:<\/p><p class=\"\" data-start=\"473\" data-end=\"951\">\u25cf <strong data-start=\"475\" data-end=\"511\">Notwendige \/ essentielle Cookies<\/strong><br data-start=\"511\" data-end=\"514\" \/>Typ: Session-Cookies<br data-start=\"537\" data-end=\"540\" \/>Verwaltet von: Uns<br data-start=\"562\" data-end=\"565\" \/>Zweck: Diese Cookies sind unerl\u00e4sslich, um die \u00fcber die Website verf\u00fcgbaren Dienste bereitzustellen und Ihnen die Nutzung einiger ihrer Funktionen zu erm\u00f6glichen. Sie helfen bei der Authentifizierung von Benutzern und verhindern die betr\u00fcgerische Nutzung von Benutzerkonten. Ohne diese Cookies k\u00f6nnen die von Ihnen angeforderten Dienste nicht bereitgestellt werden, und wir verwenden diese Cookies nur, um diese Dienste bereitzustellen.<\/p><p class=\"\" data-start=\"953\" data-end=\"1363\">\u25cf <strong data-start=\"955\" data-end=\"984\">Funktionalit\u00e4t Cookies<\/strong><br data-start=\"984\" data-end=\"987\" \/>Typ: Dauerhafte Cookies<br data-start=\"1013\" data-end=\"1016\" \/>Verwaltet von: Uns<br data-start=\"1038\" data-end=\"1041\" \/>Zweck: Diese Cookies erm\u00f6glichen es uns, die von Ihnen bei der Nutzung der Website getroffenen Entscheidungen zu speichern, z. B. Ihre Anmeldedaten oder Spracheinstellungen. Der Zweck dieser Cookies ist es, Ihnen eine pers\u00f6nlichere Erfahrung zu bieten und zu vermeiden, dass Sie Ihre Einstellungen jedes Mal neu eingeben m\u00fcssen, wenn Sie die Website nutzen.<\/p><h3 data-start=\"75\" data-end=\"112\"><strong data-start=\"75\" data-end=\"112\">Ihre Cookie-Auswahl<\/strong><\/h3><p class=\"\" data-start=\"114\" data-end=\"387\">Wenn Sie die Verwendung von Cookies auf der Website verhindern m\u00f6chten, m\u00fcssen Sie zun\u00e4chst die Verwendung von Cookies in Ihrem Browser deaktivieren und dann die in Ihrem Browser gespeicherten Cookies im Zusammenhang mit dieser Website l\u00f6schen. Sie k\u00f6nnen diese Option jederzeit nutzen, um die Verwendung von Cookies zu verhindern.<\/p><p class=\"\" data-start=\"389\" data-end=\"544\">Wenn Sie unsere Cookies nicht akzeptieren, kann es zu Unannehmlichkeiten bei der Nutzung der Website kommen und einige Funktionen funktionieren m\u00f6glicherweise nicht richtig.<\/p><p class=\"\" data-start=\"546\" data-end=\"698\">Wenn Sie Cookies l\u00f6schen oder Ihren Webbrowser anweisen m\u00f6chten, Cookies zu l\u00f6schen oder abzulehnen, besuchen Sie bitte die Hilfeseiten Ihres Webbrowsers.<\/p><p class=\"\" data-start=\"700\" data-end=\"1508\">F\u00fcr den Chrome-Browser besuchen Sie bitte diese Google-Seite: <a class=\"\" href=\"https:\/\/support.google.com\/accounts\/answer\/32050\" target=\"_new\" rel=\"noopener\" data-start=\"768\" data-end=\"868\">https:\/\/support.google.com\/accounts\/answer\/32050<\/a><br data-start=\"868\" data-end=\"871\" \/>F\u00fcr den Browser Internet Explorer besuchen Sie bitte diese Microsoft-Seite: <a class=\"\" href=\"http:\/\/support.microsoft.com\/kb\/278835\" target=\"_new\" rel=\"noopener\" data-start=\"953\" data-end=\"1033\">http:\/\/support.microsoft.com\/kb\/278835<\/a><br data-start=\"1033\" data-end=\"1036\" \/>F\u00fcr den Firefox-Browser besuchen Sie bitte diese Mozilla-Seite: <a class=\"\" href=\"https:\/\/support.mozilla.org\/en-US\/kb\/delete-cookies-remove-infowebsites-stored\" target=\"_new\" rel=\"noopener\" data-start=\"1106\" data-end=\"1266\">https:\/\/support.mozilla.org\/en-US\/kb\/delete-cookies-remove-infowebsites-stored<\/a><br data-start=\"1266\" data-end=\"1269\" \/>F\u00fcr den Safari-Browser besuchen Sie bitte diese Apple-Seite: <a class=\"\" href=\"https:\/\/support.apple.com\/guide\/safari\/manage-cookies-and-websitedata-sfri11471\/mac\" target=\"_new\" rel=\"noopener\" data-start=\"1336\" data-end=\"1506\">https:\/\/support.apple.com\/guide\/safari\/manage-cookies-and-websitedata-sfri11471\/mac<\/a><\/p><p class=\"\" data-start=\"1510\" data-end=\"1596\">F\u00fcr alle anderen Browser besuchen Sie bitte die offiziellen Seiten Ihres Browsers.<\/p><p class=\"\" data-start=\"100\" data-end=\"202\"><strong data-start=\"100\" data-end=\"134\">Weitere Informationen \u00fcber Cookies<\/strong><br data-start=\"134\" data-end=\"137\" \/>Sie k\u00f6nnen mehr \u00fcber Cookies erfahren: Cookies: What Do They Do?<\/p><p class=\"\" data-start=\"204\" data-end=\"352\"><strong data-start=\"204\" data-end=\"220\">Kontakt<\/strong><br data-start=\"220\" data-end=\"223\" \/>Wenn Sie Fragen zu dieser Cookie-Richtlinie haben, k\u00f6nnen Sie uns kontaktieren:<br data-start=\"314\" data-end=\"317\" \/>\u25cf Per E-Mail: <a class=\"cursor-pointer\" href=\"mailto:geral@diamondtours.pt\" rel=\"noopener\" data-start=\"331\" data-end=\"352\">geral@diamondtours.pt<\/a><\/p>\t\t\t\t\t\t\t\t<\/div>\n\t\t\t\t<\/div>\n\t\t\t\t\t<\/div>\n\t\t\t\t<\/div>\n\t\t\t\t<\/div>","protected":false},"excerpt":{"rendered":"<p>Cookie-Richtlinie von Diamond Tours \u2013 Kayak &amp; Sup Letzte Aktualisierung: 9. September 2020 Diese Cookie-Richtlinie<\/p>","protected":false},"author":1,"featured_media":0,"parent":0,"menu_order":0,"comment_status":"closed","ping_status":"closed","template":"","meta":{"_themeisle_gutenberg_block_has_review":false,"footnotes":""},"class_list":["post-16340","page","type-page","status-publish","hentry"],"yoast_head":"<!-- This site is optimized with the Yoast SEO plugin v26.5 - https:\/\/yoast.com\/wordpress\/plugins\/seo\/ -->\n<title>Pol\u00edtica de Cookies - Diamond Tours<\/title>\n<meta name=\"robots\" content=\"index, follow, max-snippet:-1, max-image-preview:large, max-video-preview:-1\" \/>\n<link rel=\"canonical\" href=\"https:\/\/diamondtours.pt\/de\/politica-de-cookies\/\" \/>\n<meta property=\"og:locale\" content=\"de_DE\" \/>\n<meta property=\"og:type\" content=\"article\" \/>\n<meta property=\"og:title\" content=\"Pol\u00edtica de Cookies - Diamond Tours\" \/>\n<meta property=\"og:description\" content=\"Pol\u00edtica de Cookies da Diamond Tours &#8211; Kayak &amp; Sup\u00daltima atualiza\u00e7\u00e3o: 09 de setembro de 2020 Esta Pol\u00edtica de Cookies\" \/>\n<meta property=\"og:url\" content=\"https:\/\/diamondtours.pt\/de\/politica-de-cookies\/\" \/>\n<meta property=\"og:site_name\" content=\"Diamond Tours\" \/>\n<meta property=\"article:modified_time\" content=\"2025-05-02T09:10:49+00:00\" \/>\n<meta name=\"twitter:card\" content=\"summary_large_image\" \/>\n<meta name=\"twitter:label1\" content=\"Gesch\u00e4tzte Lesezeit\" \/>\n\t<meta name=\"twitter:data1\" content=\"4\u00a0Minuten\" \/>\n<script type=\"application\/ld+json\" class=\"yoast-schema-graph\">{\"@context\":\"https:\/\/schema.org\",\"@graph\":[{\"@type\":\"WebPage\",\"@id\":\"https:\/\/diamondtours.pt\/politica-de-cookies\/\",\"url\":\"https:\/\/diamondtours.pt\/politica-de-cookies\/\",\"name\":\"Pol\u00edtica de Cookies - Diamond Tours\",\"isPartOf\":{\"@id\":\"https:\/\/diamondtours.pt\/#website\"},\"datePublished\":\"2025-05-02T09:01:12+00:00\",\"dateModified\":\"2025-05-02T09:10:49+00:00\",\"breadcrumb\":{\"@id\":\"https:\/\/diamondtours.pt\/politica-de-cookies\/#breadcrumb\"},\"inLanguage\":\"de\",\"potentialAction\":[{\"@type\":\"ReadAction\",\"target\":[\"https:\/\/diamondtours.pt\/politica-de-cookies\/\"]}]},{\"@type\":\"BreadcrumbList\",\"@id\":\"https:\/\/diamondtours.pt\/politica-de-cookies\/#breadcrumb\",\"itemListElement\":[{\"@type\":\"ListItem\",\"position\":1,\"name\":\"In\u00edcio\",\"item\":\"https:\/\/diamondtours.pt\/\"},{\"@type\":\"ListItem\",\"position\":2,\"name\":\"Pol\u00edtica de Cookies\"}]},{\"@type\":\"WebSite\",\"@id\":\"https:\/\/diamondtours.pt\/#website\",\"url\":\"https:\/\/diamondtours.pt\/\",\"name\":\"Diamond Tours\",\"description\":\"\",\"publisher\":{\"@id\":\"https:\/\/diamondtours.pt\/#organization\"},\"potentialAction\":[{\"@type\":\"SearchAction\",\"target\":{\"@type\":\"EntryPoint\",\"urlTemplate\":\"https:\/\/diamondtours.pt\/?s={search_term_string}\"},\"query-input\":{\"@type\":\"PropertyValueSpecification\",\"valueRequired\":true,\"valueName\":\"search_term_string\"}}],\"inLanguage\":\"de\"},{\"@type\":\"Organization\",\"@id\":\"https:\/\/diamondtours.pt\/#organization\",\"name\":\"Diamond Tours\",\"url\":\"https:\/\/diamondtours.pt\/\",\"logo\":{\"@type\":\"ImageObject\",\"inLanguage\":\"de\",\"@id\":\"https:\/\/diamondtours.pt\/#\/schema\/logo\/image\/\",\"url\":\"https:\/\/diamondtours.pt\/wp-content\/uploads\/2024\/06\/logo_boat-removebg.png\",\"contentUrl\":\"https:\/\/diamondtours.pt\/wp-content\/uploads\/2024\/06\/logo_boat-removebg.png\",\"width\":261,\"height\":191,\"caption\":\"Diamond Tours\"},\"image\":{\"@id\":\"https:\/\/diamondtours.pt\/#\/schema\/logo\/image\/\"}}]}<\/script>\n<!-- \/ Yoast SEO plugin. -->","yoast_head_json":{"title":"Pol\u00edtica de Cookies - Diamond Tours","robots":{"index":"index","follow":"follow","max-snippet":"max-snippet:-1","max-image-preview":"max-image-preview:large","max-video-preview":"max-video-preview:-1"},"canonical":"https:\/\/diamondtours.pt\/de\/politica-de-cookies\/","og_locale":"de_DE","og_type":"article","og_title":"Pol\u00edtica de Cookies - Diamond Tours","og_description":"Pol\u00edtica de Cookies da Diamond Tours &#8211; Kayak &amp; Sup\u00daltima atualiza\u00e7\u00e3o: 09 de setembro de 2020 Esta Pol\u00edtica de Cookies","og_url":"https:\/\/diamondtours.pt\/de\/politica-de-cookies\/","og_site_name":"Diamond Tours","article_modified_time":"2025-05-02T09:10:49+00:00","twitter_card":"summary_large_image","twitter_misc":{"Gesch\u00e4tzte Lesezeit":"4\u00a0Minuten"},"schema":{"@context":"https:\/\/schema.org","@graph":[{"@type":"WebPage","@id":"https:\/\/diamondtours.pt\/politica-de-cookies\/","url":"https:\/\/diamondtours.pt\/politica-de-cookies\/","name":"Pol\u00edtica de Cookies - Diamond Tours","isPartOf":{"@id":"https:\/\/diamondtours.pt\/#website"},"datePublished":"2025-05-02T09:01:12+00:00","dateModified":"2025-05-02T09:10:49+00:00","breadcrumb":{"@id":"https:\/\/diamondtours.pt\/politica-de-cookies\/#breadcrumb"},"inLanguage":"de","potentialAction":[{"@type":"ReadAction","target":["https:\/\/diamondtours.pt\/politica-de-cookies\/"]}]},{"@type":"BreadcrumbList","@id":"https:\/\/diamondtours.pt\/politica-de-cookies\/#breadcrumb","itemListElement":[{"@type":"ListItem","position":1,"name":"In\u00edcio","item":"https:\/\/diamondtours.pt\/"},{"@type":"ListItem","position":2,"name":"Pol\u00edtica de Cookies"}]},{"@type":"WebSite","@id":"https:\/\/diamondtours.pt\/#website","url":"https:\/\/diamondtours.pt\/","name":"Diamant-Touren","description":"","publisher":{"@id":"https:\/\/diamondtours.pt\/#organization"},"potentialAction":[{"@type":"SearchAction","target":{"@type":"EntryPoint","urlTemplate":"https:\/\/diamondtours.pt\/?s={search_term_string}"},"query-input":{"@type":"PropertyValueSpecification","valueRequired":true,"valueName":"search_term_string"}}],"inLanguage":"de"},{"@type":"Organization","@id":"https:\/\/diamondtours.pt\/#organization","name":"Diamant-Touren","url":"https:\/\/diamondtours.pt\/","logo":{"@type":"ImageObject","inLanguage":"de","@id":"https:\/\/diamondtours.pt\/#\/schema\/logo\/image\/","url":"https:\/\/diamondtours.pt\/wp-content\/uploads\/2024\/06\/logo_boat-removebg.png","contentUrl":"https:\/\/diamondtours.pt\/wp-content\/uploads\/2024\/06\/logo_boat-removebg.png","width":261,"height":191,"caption":"Diamond Tours"},"image":{"@id":"https:\/\/diamondtours.pt\/#\/schema\/logo\/image\/"}}]}},"_links":{"self":[{"href":"https:\/\/diamondtours.pt\/de\/wp-json\/wp\/v2\/pages\/16340","targetHints":{"allow":["GET"]}}],"collection":[{"href":"https:\/\/diamondtours.pt\/de\/wp-json\/wp\/v2\/pages"}],"about":[{"href":"https:\/\/diamondtours.pt\/de\/wp-json\/wp\/v2\/types\/page"}],"author":[{"embeddable":true,"href":"https:\/\/diamondtours.pt\/de\/wp-json\/wp\/v2\/users\/1"}],"replies":[{"embeddable":true,"href":"https:\/\/diamondtours.pt\/de\/wp-json\/wp\/v2\/comments?post=16340"}],"version-history":[{"count":8,"href":"https:\/\/diamondtours.pt\/de\/wp-json\/wp\/v2\/pages\/16340\/revisions"}],"predecessor-version":[{"id":16349,"href":"https:\/\/diamondtours.pt\/de\/wp-json\/wp\/v2\/pages\/16340\/revisions\/16349"}],"wp:attachment":[{"href":"https:\/\/diamondtours.pt\/de\/wp-json\/wp\/v2\/media?parent=16340"}],"curies":[{"name":"wp","href":"https:\/\/api.w.org\/{rel}","templated":true}]}}